{"id":816,"date":"2016-09-21T09:33:41","date_gmt":"2016-09-21T09:33:41","guid":{"rendered":"http:\/\/blu.elated-themes.com\/?page_id=816"},"modified":"2020-12-10T12:16:10","modified_gmt":"2020-12-10T12:16:10","slug":"product","status":"publish","type":"page","link":"https:\/\/sport-scoreboards.com\/en\/product\/","title":{"rendered":"PRODUCTS"},"content":{"rendered":"<p>[vc_row][vc_column el_class=&#8221;.center-flex&#8221;]<div class=\"woocommerce columns-0\"><ul class=\"products columns-0\">\n<li class=\"product-category product first\">\n\t<a aria-label=\"Visit product category Scoreboards\" href=\"https:\/\/sport-scoreboards.com\/en\/product-category\/scoreboards\/\"><img src=\"https:\/\/sport-scoreboards.com\/wp-content\/uploads\/woocommerce-placeholder.png\" alt=\"Scoreboards\" width=\"300\" height=\"300\" \/>\t\t<h2 class=\"woocommerce-loop-category__title\">\n\t\t\tScoreboards <mark class=\"count\">(4)<\/mark>\t\t<\/h2>\n\t\t<\/a><\/li>\n<li class=\"product-category product first\">\n\t<a aria-label=\"Visit product category Display products\" href=\"https:\/\/sport-scoreboards.com\/en\/product-category\/display-products\/\"><img src=\"https:\/\/sport-scoreboards.com\/wp-content\/uploads\/woocommerce-placeholder.png\" alt=\"Display products\" width=\"300\" height=\"300\" \/>\t\t<h2 class=\"woocommerce-loop-category__title\">\n\t\t\tDisplay products <mark class=\"count\">(4)<\/mark>\t\t<\/h2>\n\t\t<\/a><\/li>\n<li class=\"product-category product first\">\n\t<a aria-label=\"Visit product category Sound system\" href=\"https:\/\/sport-scoreboards.com\/en\/product-category\/sound-system\/\"><img src=\"https:\/\/sport-scoreboards.com\/wp-content\/uploads\/woocommerce-placeholder.png\" alt=\"Sound system\" width=\"300\" height=\"300\" \/>\t\t<h2 class=\"woocommerce-loop-category__title\">\n\t\t\tSound system <mark class=\"count\">(1)<\/mark>\t\t<\/h2>\n\t\t<\/a><\/li>\n<li class=\"product-category product first\">\n\t<a aria-label=\"Visit product category Timing systems for swimming-pools\" href=\"https:\/\/sport-scoreboards.com\/en\/product-category\/timing-systems-for-swimming-pools\/\"><img src=\"https:\/\/sport-scoreboards.com\/wp-content\/uploads\/woocommerce-placeholder.png\" alt=\"Timing systems for swimming-pools\" width=\"300\" height=\"300\" \/>\t\t<h2 class=\"woocommerce-loop-category__title\">\n\t\t\tTiming systems for swimming-pools <mark class=\"count\">(1)<\/mark>\t\t<\/h2>\n\t\t<\/a><\/li>\n<\/ul>\n<\/div>[\/vc_column][\/vc_row][vc_row row_content_width=&#8221;grid&#8221; css=&#8221;.vc_custom_1476713156145{padding-bottom: 90px !important;}&#8221;][vc_column]<div class=\"eltdf-pl-holder eltdf-standard-layout eltdf-small-space eltdf-four-columns eltdf-info-below-image \">\n\t<div class=\"eltdf-pl-outer\">\n\t\t\t\t\t\t\t\t\t\t<div class=\"eltdf-pli eltdf-woo-image-large-width\">\n\t\t\t\t<div class=\"eltdf-pli-inner\">\n\t\t\t\t\t<div class=\"eltdf-pli-image \">\n\t\t\t\t\t\t<img width=\"300\" height=\"300\" src=\"https:\/\/sport-scoreboards.com\/wp-content\/uploads\/2020\/05\/electronic-sport-scoreboard-LED-universal-for-sport-hall-Kuweit-300x300.jpg\" class=\"attachment-shop_catalog size-shop_catalog wp-post-image\" alt=\"\" srcset=\"https:\/\/sport-scoreboards.com\/wp-content\/uploads\/2020\/05\/electronic-sport-scoreboard-LED-universal-for-sport-hall-Kuweit-300x300.jpg 300w, https:\/\/sport-scoreboards.com\/wp-content\/uploads\/2020\/05\/electronic-sport-scoreboard-LED-universal-for-sport-hall-Kuweit-150x150.jpg 150w, https:\/\/sport-scoreboards.com\/wp-content\/uploads\/2020\/05\/electronic-sport-scoreboard-LED-universal-for-sport-hall-Kuweit-200x200.jpg 200w\" sizes=\"(max-width: 300px) 100vw, 300px\" \/>\t\t\t\t\t<\/div>\n\t\t\t\t\t\t\t\t\t\t\t\t\t\t\t<a class=\"eltdf-pli-link\" itemprop=\"url\" href=\"https:\/\/sport-scoreboards.com\/en\/product\/main-station-display-led-rgb\/\" title=\"Indoor Scoreboards\"><\/a>\n\t\t\t\t<\/div>\n\t\t\t\t\t\t\t\t\t<div class=\"eltdf-pli-text-wrapper\" style=\"text-align: center\">\n\t\t\t\t\t\t<h4 itemprop=\"name\" class=\"entry-title eltdf-pli-title\" style=\"text-transform: uppercase\"><a itemprop=\"url\" href=\"https:\/\/sport-scoreboards.com\/en\/product\/main-station-display-led-rgb\/\">Indoor Scoreboards<\/a><\/h4>\t\t\t\t\t\t<h6 class=\"eltdf-pli-category\"><a itemprop=\"url\" class=\"eltdf-pli-category-item\" href=\"https:\/\/sport-scoreboards.com\/en\/product-category\/scoreboards\/\">Scoreboards<\/a><\/h6>\t\t\t\t\t\t\t\t\t\t\t\t\t\t\t\t\t\t\t\t\t\t\t<\/div>\n\t\t\t\t\t\n\t\t\t<\/div>\n\t\t\t\t\t\t\t\t<div class=\"eltdf-pli eltdf-woo-image-large-width\">\n\t\t\t\t<div class=\"eltdf-pli-inner\">\n\t\t\t\t\t<div class=\"eltdf-pli-image \">\n\t\t\t\t\t\t<img width=\"300\" height=\"300\" src=\"https:\/\/sport-scoreboards.com\/wp-content\/uploads\/2020\/05\/Hala-Azoty-Arena-w-Szczecinie-video-cube-300x300.jpg\" class=\"attachment-shop_catalog size-shop_catalog wp-post-image\" alt=\"\" srcset=\"https:\/\/sport-scoreboards.com\/wp-content\/uploads\/2020\/05\/Hala-Azoty-Arena-w-Szczecinie-video-cube-300x300.jpg 300w, https:\/\/sport-scoreboards.com\/wp-content\/uploads\/2020\/05\/Hala-Azoty-Arena-w-Szczecinie-video-cube-150x150.jpg 150w, https:\/\/sport-scoreboards.com\/wp-content\/uploads\/2020\/05\/Hala-Azoty-Arena-w-Szczecinie-video-cube-200x200.jpg 200w\" sizes=\"(max-width: 300px) 100vw, 300px\" \/>\t\t\t\t\t<\/div>\n\t\t\t\t\t\t\t\t\t\t\t\t\t\t\t<a class=\"eltdf-pli-link\" itemprop=\"url\" href=\"https:\/\/sport-scoreboards.com\/en\/product\/video-cube\/\" title=\"Video Cube\"><\/a>\n\t\t\t\t<\/div>\n\t\t\t\t\t\t\t\t\t<div class=\"eltdf-pli-text-wrapper\" style=\"text-align: center\">\n\t\t\t\t\t\t<h4 itemprop=\"name\" class=\"entry-title eltdf-pli-title\" style=\"text-transform: uppercase\"><a itemprop=\"url\" href=\"https:\/\/sport-scoreboards.com\/en\/product\/video-cube\/\">Video Cube<\/a><\/h4>\t\t\t\t\t\t<h6 class=\"eltdf-pli-category\"><a itemprop=\"url\" class=\"eltdf-pli-category-item\" href=\"https:\/\/sport-scoreboards.com\/en\/product-category\/display-products\/\">Display products<\/a><\/h6>\t\t\t\t\t\t\t\t\t\t\t\t\t\t\t\t\t\t\t\t\t\t\t<\/div>\n\t\t\t\t\t\n\t\t\t<\/div>\n\t\t\t\t\t\t\t\t<div class=\"eltdf-pli eltdf-woo-image-large-width\">\n\t\t\t\t<div class=\"eltdf-pli-inner\">\n\t\t\t\t\t<div class=\"eltdf-pli-image \">\n\t\t\t\t\t\t<img width=\"300\" height=\"300\" src=\"https:\/\/sport-scoreboards.com\/wp-content\/uploads\/2020\/05\/Basen-olimpijski-AQUA-Lublin-telebim-i-wizualizacja-wynikow-sportowych-300x300.jpg\" class=\"attachment-shop_catalog size-shop_catalog wp-post-image\" alt=\"\" srcset=\"https:\/\/sport-scoreboards.com\/wp-content\/uploads\/2020\/05\/Basen-olimpijski-AQUA-Lublin-telebim-i-wizualizacja-wynikow-sportowych-300x300.jpg 300w, https:\/\/sport-scoreboards.com\/wp-content\/uploads\/2020\/05\/Basen-olimpijski-AQUA-Lublin-telebim-i-wizualizacja-wynikow-sportowych-150x150.jpg 150w, https:\/\/sport-scoreboards.com\/wp-content\/uploads\/2020\/05\/Basen-olimpijski-AQUA-Lublin-telebim-i-wizualizacja-wynikow-sportowych-200x200.jpg 200w\" sizes=\"(max-width: 300px) 100vw, 300px\" \/>\t\t\t\t\t<\/div>\n\t\t\t\t\t\t\t\t\t\t\t\t\t\t\t<a class=\"eltdf-pli-link\" itemprop=\"url\" href=\"https:\/\/sport-scoreboards.com\/en\/product\/large-led-screen-telebim\/\" title=\"Large Led Screen \/ Telebim\"><\/a>\n\t\t\t\t<\/div>\n\t\t\t\t\t\t\t\t\t<div class=\"eltdf-pli-text-wrapper\" style=\"text-align: center\">\n\t\t\t\t\t\t<h4 itemprop=\"name\" class=\"entry-title eltdf-pli-title\" style=\"text-transform: uppercase\"><a itemprop=\"url\" href=\"https:\/\/sport-scoreboards.com\/en\/product\/large-led-screen-telebim\/\">Large Led Screen \/ Telebim<\/a><\/h4>\t\t\t\t\t\t<h6 class=\"eltdf-pli-category\"><a itemprop=\"url\" class=\"eltdf-pli-category-item\" href=\"https:\/\/sport-scoreboards.com\/en\/product-category\/display-products\/\">Display products<\/a><\/h6>\t\t\t\t\t\t\t\t\t\t\t\t\t\t\t\t\t\t\t\t\t\t\t<\/div>\n\t\t\t\t\t\n\t\t\t<\/div>\n\t\t\t\t\t\t\t\t<div class=\"eltdf-pli eltdf-woo-image-large-width\">\n\t\t\t\t<div class=\"eltdf-pli-inner\">\n\t\t\t\t\t<div class=\"eltdf-pli-image \">\n\t\t\t\t\t\t<img width=\"300\" height=\"300\" src=\"https:\/\/sport-scoreboards.com\/wp-content\/uploads\/2020\/05\/Tablica-wynik\u00f3w-podnoszenie-ci\u0119\u017car\u00f3w-300x300.jpg\" class=\"attachment-shop_catalog size-shop_catalog wp-post-image\" alt=\"\" srcset=\"https:\/\/sport-scoreboards.com\/wp-content\/uploads\/2020\/05\/Tablica-wynik\u00f3w-podnoszenie-ci\u0119\u017car\u00f3w-300x300.jpg 300w, https:\/\/sport-scoreboards.com\/wp-content\/uploads\/2020\/05\/Tablica-wynik\u00f3w-podnoszenie-ci\u0119\u017car\u00f3w-150x150.jpg 150w, https:\/\/sport-scoreboards.com\/wp-content\/uploads\/2020\/05\/Tablica-wynik\u00f3w-podnoszenie-ci\u0119\u017car\u00f3w-200x200.jpg 200w\" sizes=\"(max-width: 300px) 100vw, 300px\" \/>\t\t\t\t\t<\/div>\n\t\t\t\t\t\t\t\t\t\t\t\t\t\t\t<a class=\"eltdf-pli-link\" itemprop=\"url\" href=\"https:\/\/sport-scoreboards.com\/en\/product\/portable-scoreboards\/\" title=\"Portable Scoreboards\"><\/a>\n\t\t\t\t<\/div>\n\t\t\t\t\t\t\t\t\t<div class=\"eltdf-pli-text-wrapper\" style=\"text-align: center\">\n\t\t\t\t\t\t<h4 itemprop=\"name\" class=\"entry-title eltdf-pli-title\" style=\"text-transform: uppercase\"><a itemprop=\"url\" href=\"https:\/\/sport-scoreboards.com\/en\/product\/portable-scoreboards\/\">Portable Scoreboards<\/a><\/h4>\t\t\t\t\t\t<h6 class=\"eltdf-pli-category\"><a itemprop=\"url\" class=\"eltdf-pli-category-item\" href=\"https:\/\/sport-scoreboards.com\/en\/product-category\/scoreboards\/\">Scoreboards<\/a><\/h6>\t\t\t\t\t\t\t\t\t\t\t\t\t\t\t\t\t\t\t\t\t\t\t<\/div>\n\t\t\t\t\t\n\t\t\t<\/div>\n\t\t\t\t\t\t\t\t<div class=\"eltdf-pli eltdf-woo-image-large-width\">\n\t\t\t\t<div class=\"eltdf-pli-inner\">\n\t\t\t\t\t<div class=\"eltdf-pli-image \">\n\t\t\t\t\t\t<img width=\"300\" height=\"300\" src=\"https:\/\/sport-scoreboards.com\/wp-content\/uploads\/2020\/05\/Wimbledon-scoreboards-Led-displays-for-flightscope-300x300.jpg\" class=\"attachment-shop_catalog size-shop_catalog wp-post-image\" alt=\"\" srcset=\"https:\/\/sport-scoreboards.com\/wp-content\/uploads\/2020\/05\/Wimbledon-scoreboards-Led-displays-for-flightscope-300x300.jpg 300w, https:\/\/sport-scoreboards.com\/wp-content\/uploads\/2020\/05\/Wimbledon-scoreboards-Led-displays-for-flightscope-150x150.jpg 150w, https:\/\/sport-scoreboards.com\/wp-content\/uploads\/2020\/05\/Wimbledon-scoreboards-Led-displays-for-flightscope-200x200.jpg 200w\" sizes=\"(max-width: 300px) 100vw, 300px\" \/>\t\t\t\t\t<\/div>\n\t\t\t\t\t\t\t\t\t\t\t\t\t\t\t<a class=\"eltdf-pli-link\" itemprop=\"url\" href=\"https:\/\/sport-scoreboards.com\/en\/product\/stadium-scoreboards\/\" title=\"Stadium Scoreboards\"><\/a>\n\t\t\t\t<\/div>\n\t\t\t\t\t\t\t\t\t<div class=\"eltdf-pli-text-wrapper\" style=\"text-align: center\">\n\t\t\t\t\t\t<h4 itemprop=\"name\" class=\"entry-title eltdf-pli-title\" style=\"text-transform: uppercase\"><a itemprop=\"url\" href=\"https:\/\/sport-scoreboards.com\/en\/product\/stadium-scoreboards\/\">Stadium Scoreboards<\/a><\/h4>\t\t\t\t\t\t<h6 class=\"eltdf-pli-category\"><a itemprop=\"url\" class=\"eltdf-pli-category-item\" href=\"https:\/\/sport-scoreboards.com\/en\/product-category\/scoreboards\/\">Scoreboards<\/a><\/h6>\t\t\t\t\t\t\t\t\t\t\t\t\t\t\t\t\t\t\t\t\t\t\t<\/div>\n\t\t\t\t\t\n\t\t\t<\/div>\n\t\t\t\t\t\t\t\t<div class=\"eltdf-pli eltdf-woo-image-large-width\">\n\t\t\t\t<div class=\"eltdf-pli-inner\">\n\t\t\t\t\t<div class=\"eltdf-pli-image \">\n\t\t\t\t\t\t<img width=\"300\" height=\"300\" src=\"https:\/\/sport-scoreboards.com\/wp-content\/uploads\/2020\/05\/Pa\u0142ac-M\u0142odzie\u017cy-Katowice-basenowa-tablica-wynik\u00f3w-300x300.jpg\" class=\"attachment-shop_catalog size-shop_catalog wp-post-image\" alt=\"\" srcset=\"https:\/\/sport-scoreboards.com\/wp-content\/uploads\/2020\/05\/Pa\u0142ac-M\u0142odzie\u017cy-Katowice-basenowa-tablica-wynik\u00f3w-300x300.jpg 300w, https:\/\/sport-scoreboards.com\/wp-content\/uploads\/2020\/05\/Pa\u0142ac-M\u0142odzie\u017cy-Katowice-basenowa-tablica-wynik\u00f3w-150x150.jpg 150w, https:\/\/sport-scoreboards.com\/wp-content\/uploads\/2020\/05\/Pa\u0142ac-M\u0142odzie\u017cy-Katowice-basenowa-tablica-wynik\u00f3w-200x200.jpg 200w\" sizes=\"(max-width: 300px) 100vw, 300px\" \/>\t\t\t\t\t<\/div>\n\t\t\t\t\t\t\t\t\t\t\t\t\t\t\t<a class=\"eltdf-pli-link\" itemprop=\"url\" href=\"https:\/\/sport-scoreboards.com\/en\/product\/swimming-pool-information-boards\/\" title=\"Swimming pool Information Boards\"><\/a>\n\t\t\t\t<\/div>\n\t\t\t\t\t\t\t\t\t<div class=\"eltdf-pli-text-wrapper\" style=\"text-align: center\">\n\t\t\t\t\t\t<h4 itemprop=\"name\" class=\"entry-title eltdf-pli-title\" style=\"text-transform: uppercase\"><a itemprop=\"url\" href=\"https:\/\/sport-scoreboards.com\/en\/product\/swimming-pool-information-boards\/\">Swimming pool Information Boards<\/a><\/h4>\t\t\t\t\t\t<h6 class=\"eltdf-pli-category\"><a itemprop=\"url\" class=\"eltdf-pli-category-item\" href=\"https:\/\/sport-scoreboards.com\/en\/product-category\/display-products\/\">Display products<\/a><a itemprop=\"url\" class=\"eltdf-pli-category-item\" href=\"https:\/\/sport-scoreboards.com\/en\/product-category\/scoreboards\/\">Scoreboards<\/a><\/h6>\t\t\t\t\t\t\t\t\t\t\t\t\t\t\t\t\t\t\t\t\t\t\t<\/div>\n\t\t\t\t\t\n\t\t\t<\/div>\n\t\t\t\t\t\t\t\t<div class=\"eltdf-pli eltdf-woo-image-large-width\">\n\t\t\t\t<div class=\"eltdf-pli-inner\">\n\t\t\t\t\t<div class=\"eltdf-pli-image \">\n\t\t\t\t\t\t<img width=\"300\" height=\"300\" src=\"https:\/\/sport-scoreboards.com\/wp-content\/uploads\/2020\/05\/Nag\u0142o\u015bnienie-obiekt\u00f3w-sportowych-nag\u0142o\u015bnienie-zewn\u0119trzne-300x300.jpg\" class=\"attachment-shop_catalog size-shop_catalog wp-post-image\" alt=\"\" srcset=\"https:\/\/sport-scoreboards.com\/wp-content\/uploads\/2020\/05\/Nag\u0142o\u015bnienie-obiekt\u00f3w-sportowych-nag\u0142o\u015bnienie-zewn\u0119trzne-300x300.jpg 300w, https:\/\/sport-scoreboards.com\/wp-content\/uploads\/2020\/05\/Nag\u0142o\u015bnienie-obiekt\u00f3w-sportowych-nag\u0142o\u015bnienie-zewn\u0119trzne-150x150.jpg 150w, https:\/\/sport-scoreboards.com\/wp-content\/uploads\/2020\/05\/Nag\u0142o\u015bnienie-obiekt\u00f3w-sportowych-nag\u0142o\u015bnienie-zewn\u0119trzne-550x550.jpg 550w, https:\/\/sport-scoreboards.com\/wp-content\/uploads\/2020\/05\/Nag\u0142o\u015bnienie-obiekt\u00f3w-sportowych-nag\u0142o\u015bnienie-zewn\u0119trzne-200x200.jpg 200w\" sizes=\"(max-width: 300px) 100vw, 300px\" \/>\t\t\t\t\t<\/div>\n\t\t\t\t\t\t\t\t\t\t\t\t\t\t\t<a class=\"eltdf-pli-link\" itemprop=\"url\" href=\"https:\/\/sport-scoreboards.com\/en\/product\/sound-system-for-sports-facilities\/\" title=\"Sound System for sports facilities\"><\/a>\n\t\t\t\t<\/div>\n\t\t\t\t\t\t\t\t\t<div class=\"eltdf-pli-text-wrapper\" style=\"text-align: center\">\n\t\t\t\t\t\t<h4 itemprop=\"name\" class=\"entry-title eltdf-pli-title\" style=\"text-transform: uppercase\"><a itemprop=\"url\" href=\"https:\/\/sport-scoreboards.com\/en\/product\/sound-system-for-sports-facilities\/\">Sound System for sports facilities<\/a><\/h4>\t\t\t\t\t\t<h6 class=\"eltdf-pli-category\"><a itemprop=\"url\" class=\"eltdf-pli-category-item\" href=\"https:\/\/sport-scoreboards.com\/en\/product-category\/sound-system\/\">Sound system<\/a><\/h6>\t\t\t\t\t\t\t\t\t\t\t\t\t\t\t\t\t\t\t\t\t\t\t<\/div>\n\t\t\t\t\t\n\t\t\t<\/div>\n\t\t\t\t\t\t\t\t<div class=\"eltdf-pli eltdf-woo-image-large-width\">\n\t\t\t\t<div class=\"eltdf-pli-inner\">\n\t\t\t\t\t<div class=\"eltdf-pli-image \">\n\t\t\t\t\t\t<img width=\"300\" height=\"300\" src=\"https:\/\/sport-scoreboards.com\/wp-content\/uploads\/2020\/05\/Warszawski-Uniwersystet-Medyczny-system-pomiaru-czasu-Colorado-300x300.jpg\" class=\"attachment-shop_catalog size-shop_catalog wp-post-image\" alt=\"\" srcset=\"https:\/\/sport-scoreboards.com\/wp-content\/uploads\/2020\/05\/Warszawski-Uniwersystet-Medyczny-system-pomiaru-czasu-Colorado-300x300.jpg 300w, https:\/\/sport-scoreboards.com\/wp-content\/uploads\/2020\/05\/Warszawski-Uniwersystet-Medyczny-system-pomiaru-czasu-Colorado-150x150.jpg 150w, https:\/\/sport-scoreboards.com\/wp-content\/uploads\/2020\/05\/Warszawski-Uniwersystet-Medyczny-system-pomiaru-czasu-Colorado-550x550.jpg 550w, https:\/\/sport-scoreboards.com\/wp-content\/uploads\/2020\/05\/Warszawski-Uniwersystet-Medyczny-system-pomiaru-czasu-Colorado-200x200.jpg 200w\" sizes=\"(max-width: 300px) 100vw, 300px\" \/>\t\t\t\t\t<\/div>\n\t\t\t\t\t\t\t\t\t\t\t\t\t\t\t<a class=\"eltdf-pli-link\" itemprop=\"url\" href=\"https:\/\/sport-scoreboards.com\/en\/product\/timing-systems-for-swimming-pools\/\" title=\"Timing systems for swimming-pools\"><\/a>\n\t\t\t\t<\/div>\n\t\t\t\t\t\t\t\t\t<div class=\"eltdf-pli-text-wrapper\" style=\"text-align: center\">\n\t\t\t\t\t\t<h4 itemprop=\"name\" class=\"entry-title eltdf-pli-title\" style=\"text-transform: uppercase\"><a itemprop=\"url\" href=\"https:\/\/sport-scoreboards.com\/en\/product\/timing-systems-for-swimming-pools\/\">Timing systems for swimming-pools<\/a><\/h4>\t\t\t\t\t\t<h6 class=\"eltdf-pli-category\"><a itemprop=\"url\" class=\"eltdf-pli-category-item\" href=\"https:\/\/sport-scoreboards.com\/en\/product-category\/timing-systems-for-swimming-pools\/\">Timing systems for swimming-pools<\/a><\/h6>\t\t\t\t\t\t\t\t\t\t\t\t\t\t\t\t\t\t\t\t\t\t\t<\/div>\n\t\t\t\t\t\n\t\t\t<\/div>\n\t\t\t\t\t\t\t\t<div class=\"eltdf-pli eltdf-woo-image-large-width\">\n\t\t\t\t<div class=\"eltdf-pli-inner\">\n\t\t\t\t\t<div class=\"eltdf-pli-image \">\n\t\t\t\t\t\t<img width=\"300\" height=\"300\" src=\"https:\/\/sport-scoreboards.com\/wp-content\/uploads\/2020\/05\/Studio-TVN-24-LED-display-scenography-300x300.jpg\" class=\"attachment-shop_catalog size-shop_catalog wp-post-image\" alt=\"\" srcset=\"https:\/\/sport-scoreboards.com\/wp-content\/uploads\/2020\/05\/Studio-TVN-24-LED-display-scenography-300x300.jpg 300w, https:\/\/sport-scoreboards.com\/wp-content\/uploads\/2020\/05\/Studio-TVN-24-LED-display-scenography-150x150.jpg 150w, https:\/\/sport-scoreboards.com\/wp-content\/uploads\/2020\/05\/Studio-TVN-24-LED-display-scenography-200x200.jpg 200w\" sizes=\"(max-width: 300px) 100vw, 300px\" \/>\t\t\t\t\t<\/div>\n\t\t\t\t\t\t\t\t\t\t\t\t\t\t\t<a class=\"eltdf-pli-link\" itemprop=\"url\" href=\"https:\/\/sport-scoreboards.com\/en\/product\/custom-displays\/\" title=\"Custom displays\"><\/a>\n\t\t\t\t<\/div>\n\t\t\t\t\t\t\t\t\t<div class=\"eltdf-pli-text-wrapper\" style=\"text-align: center\">\n\t\t\t\t\t\t<h4 itemprop=\"name\" class=\"entry-title eltdf-pli-title\" style=\"text-transform: uppercase\"><a itemprop=\"url\" href=\"https:\/\/sport-scoreboards.com\/en\/product\/custom-displays\/\">Custom displays<\/a><\/h4>\t\t\t\t\t\t<h6 class=\"eltdf-pli-category\"><a itemprop=\"url\" class=\"eltdf-pli-category-item\" href=\"https:\/\/sport-scoreboards.com\/en\/product-category\/display-products\/\">Display products<\/a><\/h6>\t\t\t\t\t\t\t\t\t\t\t\t\t\t\t\t\t\t\t\t\t\t\t<\/div>\n\t\t\t\t\t\n\t\t\t<\/div>\n\t\t\t<\/div>\n<\/div>[\/vc_column][\/vc_row]<\/p>\n","protected":false},"excerpt":{"rendered":"<p>[vc_row][vc_column el_class=&#8221;.center-flex&#8221;][\/vc_column][\/vc_row][vc_row row_content_width=&#8221;grid&#8221; css=&#8221;.vc_custom_1476713156145{padding-bottom: 90px !important;}&#8221;][vc_column][\/vc_column][\/vc_row]<\/p>\n","protected":false},"author":1,"featured_media":0,"parent":0,"menu_order":0,"comment_status":"closed","ping_status":"closed","template":"full-width.php","meta":{"footnotes":""},"yoast_head":"<!-- This site is optimized with the Yoast SEO plugin v22.8 - https:\/\/yoast.com\/wordpress\/plugins\/seo\/ -->\n<title>PRODUCTS - Sport scoreboards<\/title>\n<meta name=\"robots\" content=\"index, follow, max-snippet:-1, max-image-preview:large, max-video-preview:-1\" \/>\n<link rel=\"canonical\" href=\"https:\/\/sport-scoreboards.com\/en\/product\/\" \/>\n<meta property=\"og:locale\" content=\"en_US\" \/>\n<meta property=\"og:type\" content=\"article\" \/>\n<meta property=\"og:title\" content=\"PRODUCTS - Sport scoreboards\" \/>\n<meta property=\"og:description\" content=\"[vc_row][vc_column el_class=&#8221;.center-flex&#8221;][\/vc_column][\/vc_row][vc_row row_content_width=&#8221;grid&#8221; css=&#8221;.vc_custom_1476713156145{padding-bottom: 90px !important;}&#8221;][vc_column][\/vc_column][\/vc_row]\" \/>\n<meta property=\"og:url\" content=\"https:\/\/sport-scoreboards.com\/en\/product\/\" \/>\n<meta property=\"og:site_name\" content=\"Sport scoreboards\" \/>\n<meta property=\"article:modified_time\" content=\"2020-12-10T12:16:10+00:00\" \/>\n<meta name=\"twitter:card\" content=\"summary_large_image\" \/>\n<script type=\"application\/ld+json\" class=\"yoast-schema-graph\">{\"@context\":\"https:\/\/schema.org\",\"@graph\":[{\"@type\":\"WebPage\",\"@id\":\"https:\/\/sport-scoreboards.com\/en\/product\/\",\"url\":\"https:\/\/sport-scoreboards.com\/en\/product\/\",\"name\":\"PRODUCTS - Sport scoreboards\",\"isPartOf\":{\"@id\":\"https:\/\/sport-scoreboards.com\/en\/#website\"},\"datePublished\":\"2016-09-21T09:33:41+00:00\",\"dateModified\":\"2020-12-10T12:16:10+00:00\",\"breadcrumb\":{\"@id\":\"https:\/\/sport-scoreboards.com\/en\/product\/#breadcrumb\"},\"inLanguage\":\"en-US\",\"potentialAction\":[{\"@type\":\"ReadAction\",\"target\":[\"https:\/\/sport-scoreboards.com\/en\/product\/\"]}]},{\"@type\":\"BreadcrumbList\",\"@id\":\"https:\/\/sport-scoreboards.com\/en\/product\/#breadcrumb\",\"itemListElement\":[{\"@type\":\"ListItem\",\"position\":1,\"name\":\"Home\",\"item\":\"https:\/\/sport-scoreboards.com\/en\/\"},{\"@type\":\"ListItem\",\"position\":2,\"name\":\"PRODUCTS\"}]},{\"@type\":\"WebSite\",\"@id\":\"https:\/\/sport-scoreboards.com\/en\/#website\",\"url\":\"https:\/\/sport-scoreboards.com\/en\/\",\"name\":\"Sport scoreboards\",\"description\":\"dysten\",\"potentialAction\":[{\"@type\":\"SearchAction\",\"target\":{\"@type\":\"EntryPoint\",\"urlTemplate\":\"https:\/\/sport-scoreboards.com\/en\/?s={search_term_string}\"},\"query-input\":\"required name=search_term_string\"}],\"inLanguage\":\"en-US\"}]}<\/script>\n<!-- \/ Yoast SEO plugin. -->","yoast_head_json":{"title":"PRODUCTS - Sport scoreboards","robots":{"index":"index","follow":"follow","max-snippet":"max-snippet:-1","max-image-preview":"max-image-preview:large","max-video-preview":"max-video-preview:-1"},"canonical":"https:\/\/sport-scoreboards.com\/en\/product\/","og_locale":"en_US","og_type":"article","og_title":"PRODUCTS - Sport scoreboards","og_description":"[vc_row][vc_column el_class=&#8221;.center-flex&#8221;][\/vc_column][\/vc_row][vc_row row_content_width=&#8221;grid&#8221; css=&#8221;.vc_custom_1476713156145{padding-bottom: 90px !important;}&#8221;][vc_column][\/vc_column][\/vc_row]","og_url":"https:\/\/sport-scoreboards.com\/en\/product\/","og_site_name":"Sport scoreboards","article_modified_time":"2020-12-10T12:16:10+00:00","twitter_card":"summary_large_image","schema":{"@context":"https:\/\/schema.org","@graph":[{"@type":"WebPage","@id":"https:\/\/sport-scoreboards.com\/en\/product\/","url":"https:\/\/sport-scoreboards.com\/en\/product\/","name":"PRODUCTS - Sport scoreboards","isPartOf":{"@id":"https:\/\/sport-scoreboards.com\/en\/#website"},"datePublished":"2016-09-21T09:33:41+00:00","dateModified":"2020-12-10T12:16:10+00:00","breadcrumb":{"@id":"https:\/\/sport-scoreboards.com\/en\/product\/#breadcrumb"},"inLanguage":"en-US","potentialAction":[{"@type":"ReadAction","target":["https:\/\/sport-scoreboards.com\/en\/product\/"]}]},{"@type":"BreadcrumbList","@id":"https:\/\/sport-scoreboards.com\/en\/product\/#breadcrumb","itemListElement":[{"@type":"ListItem","position":1,"name":"Home","item":"https:\/\/sport-scoreboards.com\/en\/"},{"@type":"ListItem","position":2,"name":"PRODUCTS"}]},{"@type":"WebSite","@id":"https:\/\/sport-scoreboards.com\/en\/#website","url":"https:\/\/sport-scoreboards.com\/en\/","name":"Sport scoreboards","description":"dysten","potentialAction":[{"@type":"SearchAction","target":{"@type":"EntryPoint","urlTemplate":"https:\/\/sport-scoreboards.com\/en\/?s={search_term_string}"},"query-input":"required name=search_term_string"}],"inLanguage":"en-US"}]}},"_links":{"self":[{"href":"https:\/\/sport-scoreboards.com\/en\/wp-json\/wp\/v2\/pages\/816"}],"collection":[{"href":"https:\/\/sport-scoreboards.com\/en\/wp-json\/wp\/v2\/pages"}],"about":[{"href":"https:\/\/sport-scoreboards.com\/en\/wp-json\/wp\/v2\/types\/page"}],"author":[{"embeddable":true,"href":"https:\/\/sport-scoreboards.com\/en\/wp-json\/wp\/v2\/users\/1"}],"replies":[{"embeddable":true,"href":"https:\/\/sport-scoreboards.com\/en\/wp-json\/wp\/v2\/comments?post=816"}],"version-history":[{"count":29,"href":"https:\/\/sport-scoreboards.com\/en\/wp-json\/wp\/v2\/pages\/816\/revisions"}],"predecessor-version":[{"id":8885,"href":"https:\/\/sport-scoreboards.com\/en\/wp-json\/wp\/v2\/pages\/816\/revisions\/8885"}],"wp:attachment":[{"href":"https:\/\/sport-scoreboards.com\/en\/wp-json\/wp\/v2\/media?parent=816"}],"curies":[{"name":"wp","href":"https:\/\/api.w.org\/{rel}","templated":true}]}}