{"id":8088,"date":"2020-05-13T10:42:27","date_gmt":"2020-05-13T10:42:27","guid":{"rendered":"https:\/\/sport-scoreboards.com\/?post_type=product&#038;p=8088\/"},"modified":"2020-05-13T11:03:41","modified_gmt":"2020-05-13T11:03:41","slug":"sound-system-for-sports-facilities","status":"publish","type":"product","link":"https:\/\/sport-scoreboards.com\/en\/product\/sound-system-for-sports-facilities\/","title":{"rendered":"Sound System for sports facilities"},"content":{"rendered":"<p>[vc_row][vc_column][vc_raw_js]JTNDc2NyaXB0JTNFJTBBbGV0JTIwbmV3VGl0bGUlMjAlM0QlMjBkb2N1bWVudC5nZXRFbGVtZW50c0J5Q2xhc3NOYW1lJTI4JTI3ZWx0ZGYtc2luZ2xlLXByb2R1Y3QtdGl0bGUlMjclMjklM0IlMEFpZiUyMCUyOG5ld1RpdGxlJTIwJTI2JTI2JTIwbmV3VGl0bGUubGVuZ3RoJTIwJTNFJTIwMCUyOSUyMCU3QiUwQSUyMG5ld1RpdGxlJTIwJTNEJTIwbmV3VGl0bGUlNUIwJTVELmlubmVyVGV4dCUwQSUyMGlmJTI4ZG9jdW1lbnQucmVhZHlTdGF0ZSUyMCUzRCUzRCUzRCUyMCUyN3JlYWR5JTI3JTIwJTdDJTdDJTIwZG9jdW1lbnQucmVhZHlTdGF0ZSUyMCUzRCUzRCUzRCUyMCUyN2NvbXBsZXRlJTI3JTI5JTIwJTdCJTBBJTIwc2V0VGl0bGUlMjhuZXdUaXRsZSUyOSUzQiUwQSU3RCUyMGVsc2UlMjAlN0IlMEElMjAlMjBkb2N1bWVudC5vbnJlYWR5c3RhdGVjaGFuZ2UlMjAlM0QlMjBmdW5jdGlvbiUyMCUyOCUyOSUyMCU3QiUwQSUyMCUyMCUyMCUyMGlmJTIwJTI4ZG9jdW1lbnQucmVhZHlTdGF0ZSUyMCUzRCUzRCUyMCUyMmNvbXBsZXRlJTIyJTI5JTIwJTdCJTBBJTIwJTIwJTIwJTIwJTIwJTIwc2V0VGl0bGUlMjhuZXdUaXRsZSUyOSUzQiUwQSUyMCUyMCUyMCUyMCU3RCUwQSUyMCUyMCU3RCUwQSU3RCUwQSU3RCUwQSUwQWZ1bmN0aW9uJTIwc2V0VGl0bGUlMjh0aXRsZSUyOSUyMCU3QiUwQWRvY3VtZW50LmdldEVsZW1lbnRCeUlkJTI4JTI3dGl0bGUlMjclMjkudmFsdWUlMjAlM0QlMjB0aXRsZSUzQiUwQWRvY3VtZW50LmdldEVsZW1lbnRCeUlkJTI4JTI3Y29udGFjdC10ZXh0JTI3JTI5LnZhbHVlJTIwJTJCJTNEJTIwJTI3JTNBJTIwJTI3JTIwJTJCJTIwdGl0bGUlM0IlMEElN0QlMEElMEElM0MlMkZzY3JpcHQlM0UlMEE=[\/vc_raw_js][\/vc_column][\/vc_row]<\/p>\n","protected":false},"excerpt":{"rendered":"<p>Let yourself be heard<\/p>\n<ul>\n<li>excellent intelligibility of speech and outstanding music quality<\/li>\n<li>resistance to weathering<\/li>\n<li>high uniformity of coverage of the area<\/li>\n<li>easy to use<\/li>\n<\/ul>\n<p>DYSTEN sound systems takes into account the purpose and architecture of the sports facility, it is tailored to your needs in terms of ease of use, size, weight and sound quality.<\/p>\n","protected":false},"featured_media":8089,"template":"","meta":[],"product_cat":[352],"product_tag":[354],"yoast_head":"<!-- This site is optimized with the Yoast SEO plugin v22.8 - https:\/\/yoast.com\/wordpress\/plugins\/seo\/ -->\n<title>Sound System for sports facilities - Sport scoreboards<\/title>\n<meta name=\"robots\" content=\"index, follow, max-snippet:-1, max-image-preview:large, max-video-preview:-1\" \/>\n<link rel=\"canonical\" href=\"https:\/\/sport-scoreboards.com\/en\/product\/sound-system-for-sports-facilities\/\" \/>\n<meta property=\"og:locale\" content=\"en_US\" \/>\n<meta property=\"og:type\" content=\"article\" \/>\n<meta property=\"og:title\" content=\"Sound System for sports facilities - Sport scoreboards\" \/>\n<meta property=\"og:description\" content=\"Let yourself be heard   excellent intelligibility of speech and outstanding music quality  resistance to weathering  high uniformity of coverage of the area  easy to use  DYSTEN sound systems takes into account the purpose and architecture of the sports facility, it is tailored to your needs in terms of ease of use, size, weight and sound quality.\" \/>\n<meta property=\"og:url\" content=\"https:\/\/sport-scoreboards.com\/en\/product\/sound-system-for-sports-facilities\/\" \/>\n<meta property=\"og:site_name\" content=\"Sport scoreboards\" \/>\n<meta property=\"article:modified_time\" content=\"2020-05-13T11:03:41+00:00\" \/>\n<meta property=\"og:image\" content=\"https:\/\/sport-scoreboards.com\/wp-content\/uploads\/2020\/05\/Nag\u0142o\u015bnienie-obiekt\u00f3w-sportowych-nag\u0142o\u015bnienie-zewn\u0119trzne.jpg\" \/>\n\t<meta property=\"og:image:width\" content=\"1090\" \/>\n\t<meta property=\"og:image:height\" content=\"897\" \/>\n\t<meta property=\"og:image:type\" content=\"image\/jpeg\" \/>\n<meta name=\"twitter:card\" content=\"summary_large_image\" \/>\n<meta name=\"twitter:label1\" content=\"Est. reading time\" \/>\n\t<meta name=\"twitter:data1\" content=\"1 minute\" \/>\n<script type=\"application\/ld+json\" class=\"yoast-schema-graph\">{\"@context\":\"https:\/\/schema.org\",\"@graph\":[{\"@type\":\"WebPage\",\"@id\":\"https:\/\/sport-scoreboards.com\/en\/product\/sound-system-for-sports-facilities\/\",\"url\":\"https:\/\/sport-scoreboards.com\/en\/product\/sound-system-for-sports-facilities\/\",\"name\":\"Sound System for sports facilities - Sport scoreboards\",\"isPartOf\":{\"@id\":\"https:\/\/sport-scoreboards.com\/en\/#website\"},\"primaryImageOfPage\":{\"@id\":\"https:\/\/sport-scoreboards.com\/en\/product\/sound-system-for-sports-facilities\/#primaryimage\"},\"image\":{\"@id\":\"https:\/\/sport-scoreboards.com\/en\/product\/sound-system-for-sports-facilities\/#primaryimage\"},\"thumbnailUrl\":\"https:\/\/sport-scoreboards.com\/wp-content\/uploads\/2020\/05\/Nag\u0142o\u015bnienie-obiekt\u00f3w-sportowych-nag\u0142o\u015bnienie-zewn\u0119trzne.jpg\",\"datePublished\":\"2020-05-13T10:42:27+00:00\",\"dateModified\":\"2020-05-13T11:03:41+00:00\",\"breadcrumb\":{\"@id\":\"https:\/\/sport-scoreboards.com\/en\/product\/sound-system-for-sports-facilities\/#breadcrumb\"},\"inLanguage\":\"en-US\",\"potentialAction\":[{\"@type\":\"ReadAction\",\"target\":[\"https:\/\/sport-scoreboards.com\/en\/product\/sound-system-for-sports-facilities\/\"]}]},{\"@type\":\"ImageObject\",\"inLanguage\":\"en-US\",\"@id\":\"https:\/\/sport-scoreboards.com\/en\/product\/sound-system-for-sports-facilities\/#primaryimage\",\"url\":\"https:\/\/sport-scoreboards.com\/wp-content\/uploads\/2020\/05\/Nag\u0142o\u015bnienie-obiekt\u00f3w-sportowych-nag\u0142o\u015bnienie-zewn\u0119trzne.jpg\",\"contentUrl\":\"https:\/\/sport-scoreboards.com\/wp-content\/uploads\/2020\/05\/Nag\u0142o\u015bnienie-obiekt\u00f3w-sportowych-nag\u0142o\u015bnienie-zewn\u0119trzne.jpg\",\"width\":1090,\"height\":897},{\"@type\":\"BreadcrumbList\",\"@id\":\"https:\/\/sport-scoreboards.com\/en\/product\/sound-system-for-sports-facilities\/#breadcrumb\",\"itemListElement\":[{\"@type\":\"ListItem\",\"position\":1,\"name\":\"Home\",\"item\":\"https:\/\/sport-scoreboards.com\/en\/\"},{\"@type\":\"ListItem\",\"position\":2,\"name\":\"Produkty\",\"item\":\"https:\/\/sport-scoreboards.com\/pl\/shop\/\"},{\"@type\":\"ListItem\",\"position\":3,\"name\":\"Sound System for sports facilities\"}]},{\"@type\":\"WebSite\",\"@id\":\"https:\/\/sport-scoreboards.com\/en\/#website\",\"url\":\"https:\/\/sport-scoreboards.com\/en\/\",\"name\":\"Sport scoreboards\",\"description\":\"dysten\",\"potentialAction\":[{\"@type\":\"SearchAction\",\"target\":{\"@type\":\"EntryPoint\",\"urlTemplate\":\"https:\/\/sport-scoreboards.com\/en\/?s={search_term_string}\"},\"query-input\":\"required name=search_term_string\"}],\"inLanguage\":\"en-US\"}]}<\/script>\n<!-- \/ Yoast SEO plugin. -->","yoast_head_json":{"title":"Sound System for sports facilities - Sport scoreboards","robots":{"index":"index","follow":"follow","max-snippet":"max-snippet:-1","max-image-preview":"max-image-preview:large","max-video-preview":"max-video-preview:-1"},"canonical":"https:\/\/sport-scoreboards.com\/en\/product\/sound-system-for-sports-facilities\/","og_locale":"en_US","og_type":"article","og_title":"Sound System for sports facilities - Sport scoreboards","og_description":"Let yourself be heard   excellent intelligibility of speech and outstanding music quality  resistance to weathering  high uniformity of coverage of the area  easy to use  DYSTEN sound systems takes into account the purpose and architecture of the sports facility, it is tailored to your needs in terms of ease of use, size, weight and sound quality.","og_url":"https:\/\/sport-scoreboards.com\/en\/product\/sound-system-for-sports-facilities\/","og_site_name":"Sport scoreboards","article_modified_time":"2020-05-13T11:03:41+00:00","og_image":[{"width":1090,"height":897,"url":"https:\/\/sport-scoreboards.com\/wp-content\/uploads\/2020\/05\/Nag\u0142o\u015bnienie-obiekt\u00f3w-sportowych-nag\u0142o\u015bnienie-zewn\u0119trzne.jpg","type":"image\/jpeg"}],"twitter_card":"summary_large_image","twitter_misc":{"Est. reading time":"1 minute"},"schema":{"@context":"https:\/\/schema.org","@graph":[{"@type":"WebPage","@id":"https:\/\/sport-scoreboards.com\/en\/product\/sound-system-for-sports-facilities\/","url":"https:\/\/sport-scoreboards.com\/en\/product\/sound-system-for-sports-facilities\/","name":"Sound System for sports facilities - Sport scoreboards","isPartOf":{"@id":"https:\/\/sport-scoreboards.com\/en\/#website"},"primaryImageOfPage":{"@id":"https:\/\/sport-scoreboards.com\/en\/product\/sound-system-for-sports-facilities\/#primaryimage"},"image":{"@id":"https:\/\/sport-scoreboards.com\/en\/product\/sound-system-for-sports-facilities\/#primaryimage"},"thumbnailUrl":"https:\/\/sport-scoreboards.com\/wp-content\/uploads\/2020\/05\/Nag\u0142o\u015bnienie-obiekt\u00f3w-sportowych-nag\u0142o\u015bnienie-zewn\u0119trzne.jpg","datePublished":"2020-05-13T10:42:27+00:00","dateModified":"2020-05-13T11:03:41+00:00","breadcrumb":{"@id":"https:\/\/sport-scoreboards.com\/en\/product\/sound-system-for-sports-facilities\/#breadcrumb"},"inLanguage":"en-US","potentialAction":[{"@type":"ReadAction","target":["https:\/\/sport-scoreboards.com\/en\/product\/sound-system-for-sports-facilities\/"]}]},{"@type":"ImageObject","inLanguage":"en-US","@id":"https:\/\/sport-scoreboards.com\/en\/product\/sound-system-for-sports-facilities\/#primaryimage","url":"https:\/\/sport-scoreboards.com\/wp-content\/uploads\/2020\/05\/Nag\u0142o\u015bnienie-obiekt\u00f3w-sportowych-nag\u0142o\u015bnienie-zewn\u0119trzne.jpg","contentUrl":"https:\/\/sport-scoreboards.com\/wp-content\/uploads\/2020\/05\/Nag\u0142o\u015bnienie-obiekt\u00f3w-sportowych-nag\u0142o\u015bnienie-zewn\u0119trzne.jpg","width":1090,"height":897},{"@type":"BreadcrumbList","@id":"https:\/\/sport-scoreboards.com\/en\/product\/sound-system-for-sports-facilities\/#breadcrumb","itemListElement":[{"@type":"ListItem","position":1,"name":"Home","item":"https:\/\/sport-scoreboards.com\/en\/"},{"@type":"ListItem","position":2,"name":"Produkty","item":"https:\/\/sport-scoreboards.com\/pl\/shop\/"},{"@type":"ListItem","position":3,"name":"Sound System for sports facilities"}]},{"@type":"WebSite","@id":"https:\/\/sport-scoreboards.com\/en\/#website","url":"https:\/\/sport-scoreboards.com\/en\/","name":"Sport scoreboards","description":"dysten","potentialAction":[{"@type":"SearchAction","target":{"@type":"EntryPoint","urlTemplate":"https:\/\/sport-scoreboards.com\/en\/?s={search_term_string}"},"query-input":"required name=search_term_string"}],"inLanguage":"en-US"}]}},"_links":{"self":[{"href":"https:\/\/sport-scoreboards.com\/en\/wp-json\/wp\/v2\/product\/8088"}],"collection":[{"href":"https:\/\/sport-scoreboards.com\/en\/wp-json\/wp\/v2\/product"}],"about":[{"href":"https:\/\/sport-scoreboards.com\/en\/wp-json\/wp\/v2\/types\/product"}],"wp:featuredmedia":[{"embeddable":true,"href":"https:\/\/sport-scoreboards.com\/en\/wp-json\/wp\/v2\/media\/8089"}],"wp:attachment":[{"href":"https:\/\/sport-scoreboards.com\/en\/wp-json\/wp\/v2\/media?parent=8088"}],"wp:term":[{"taxonomy":"product_cat","embeddable":true,"href":"https:\/\/sport-scoreboards.com\/en\/wp-json\/wp\/v2\/product_cat?post=8088"},{"taxonomy":"product_tag","embeddable":true,"href":"https:\/\/sport-scoreboards.com\/en\/wp-json\/wp\/v2\/product_tag?post=8088"}],"curies":[{"name":"wp","href":"https:\/\/api.w.org\/{rel}","templated":true}]}}