{"id":6562,"date":"2016-09-22T14:20:20","date_gmt":"2016-09-22T14:20:20","guid":{"rendered":"https:\/\/sport-scoreboards.com\/contact\/"},"modified":"2024-03-04T14:30:53","modified_gmt":"2024-03-04T14:30:53","slug":"contact","status":"publish","type":"page","link":"https:\/\/sport-scoreboards.com\/pl\/contact\/","title":{"rendered":"Kontakt"},"content":{"rendered":"<p>[vc_row row_content_width=&#8221;grid&#8221; content_text_aligment=&#8221;left&#8221; css=&#8221;.vc_custom_1474554418483{padding-top: 111px !important;padding-bottom: 61px !important;}&#8221;][vc_column offset=&#8221;vc_col-md-6&#8243;][vc_column_text]<\/p>\n<h3 style=\"align-item: flex-start;\">ZAINTERESOWANY WSP\u00d3\u0141PRAC\u0104?<\/h3>\n<p>[\/vc_column_text][vc_column_text]Skontaktuj si\u0119 z nami. Jeste\u015bmy tu \u017ceby wesprze\u0107 Tw\u00f3j biznes.[\/vc_column_text][vc_empty_space height=&#8221;66&#8243;][vc_row_inner][vc_column_inner offset=&#8221;vc_col-lg-6 vc_col-md-12&#8243;][vc_column_text]<\/p>\n<h4>POLSKA<\/h4>\n<h4>DYSTEN \u2013 Tablice wynik\u00f3w I ekrany<\/h4>\n<p>[\/vc_column_text][vc_column_text]Adres:<\/p>\n<p>Ul. Grunwaldzka 91<\/p>\n<p>41-800 Zabrze<\/p>\n<p>Polska[\/vc_column_text][vc_empty_space height=&#8221;12&#8243;][vc_column_text]Email: <a href=\"mailto:biuro@dysten.pl\">biuro@dysten.pl<\/a><\/p>\n<p>Telefon: +48 32 376 12 60<\/p>\n<p>Godziny otwarcia: 8:00-16:00[\/vc_column_text][vc_empty_space height=&#8221;50&#8243;][\/vc_column_inner][vc_column_inner offset=&#8221;vc_col-lg-6 vc_col-md-12&#8243;][vc_column_text][\/vc_column_text][vc_column_text][\/vc_column_text][vc_empty_space height=&#8221;12&#8243;][vc_column_text][\/vc_column_text][vc_empty_space height=&#8221;50&#8243;][\/vc_column_inner][\/vc_row_inner][\/vc_column][vc_column offset=&#8221;vc_col-md-6&#8243;][vc_empty_space height=&#8221;27&#8243;][vc_row_inner content_text_aligment=&#8221;left&#8221;][vc_column_inner][vc_empty_space height=&#8221;8&#8243;]\n<div class=\"wpcf7 no-js\" id=\"wpcf7-f6571-o1\" lang=\"en-US\" dir=\"ltr\">\n<div class=\"screen-reader-response\"><p role=\"status\" aria-live=\"polite\" aria-atomic=\"true\"><\/p> <ul><\/ul><\/div>\n<form action=\"\/pl\/wp-json\/wp\/v2\/pages\/6562#wpcf7-f6571-o1\" method=\"post\" class=\"wpcf7-form init cf7_custom_style_1\" aria-label=\"Contact form\" novalidate=\"novalidate\" data-status=\"init\">\n<div style=\"display: none;\">\n<input type=\"hidden\" name=\"_wpcf7\" value=\"6571\" \/>\n<input type=\"hidden\" name=\"_wpcf7_version\" value=\"5.9.5\" \/>\n<input type=\"hidden\" name=\"_wpcf7_locale\" value=\"en_US\" \/>\n<input type=\"hidden\" name=\"_wpcf7_unit_tag\" value=\"wpcf7-f6571-o1\" \/>\n<input type=\"hidden\" name=\"_wpcf7_container_post\" value=\"0\" \/>\n<input type=\"hidden\" name=\"_wpcf7_posted_data_hash\" value=\"\" \/>\n<input type=\"hidden\" name=\"_wpcf7_recaptcha_response\" value=\"\" \/>\n<\/div>\n<div>\n\t<p><span class=\"wpcf7-form-control-wrap\" data-name=\"your-name\"><input size=\"40\" class=\"wpcf7-form-control wpcf7-text wpcf7-validates-as-required\" aria-required=\"true\" aria-invalid=\"false\" placeholder=\"Imi\u0119, nazwisko*\" value=\"\" type=\"text\" name=\"your-name\" \/><\/span>\n\t<\/p>\n<\/div>\n<div>\n\t<p><span class=\"wpcf7-form-control-wrap\" data-name=\"email\"><input size=\"40\" class=\"wpcf7-form-control wpcf7-email wpcf7-validates-as-required wpcf7-text wpcf7-validates-as-email\" aria-required=\"true\" aria-invalid=\"false\" placeholder=\"E-mail*\" value=\"\" type=\"email\" name=\"email\" \/><\/span>\n\t<\/p>\n<\/div>\n<div>\n\t<p><span class=\"wpcf7-form-control-wrap\" data-name=\"tel\"><input size=\"40\" class=\"wpcf7-form-control wpcf7-tel wpcf7-text wpcf7-validates-as-tel\" aria-invalid=\"false\" placeholder=\"Telefon\" value=\"\" type=\"tel\" name=\"tel\" \/><\/span>\n\t<\/p>\n<\/div>\n<div>\n\t<p><span class=\"wpcf7-form-control-wrap\" data-name=\"message\"><textarea cols=\"40\" rows=\"8\" class=\"wpcf7-form-control wpcf7-textarea\" aria-invalid=\"false\" placeholder=\"Wiadomo\u015b\u0107*\" name=\"message\"><\/textarea><\/span>\n\t<\/p>\n<\/div>\n<p><span class=\"wpcf7-form-control-wrap\" data-name=\"acceptance-78\"><span class=\"wpcf7-form-control wpcf7-acceptance\"><span class=\"wpcf7-list-item\"><label><input type=\"checkbox\" name=\"acceptance-78\" value=\"1\" aria-invalid=\"false\" \/><span class=\"wpcf7-list-item-label\">Wysy\u0142aj\u0105c zapytanie zgadzam si\u0119 na przetwarzanie moich danych osobowych zgodnie z przepisami o ochronie danych osobowych <a href=\"https:\/\/sport-scoreboards.com\/pl\/rodo\/\">(GDPR-RODO).<\/a> Brak zgody na przetwarzanie danych osobowych uniemo\u017cliwi udzielenie odpowiedzi*<\/span><\/label><\/span><\/span><\/span>\n<\/p>\n<div>\n\t<p><input class=\"wpcf7-form-control wpcf7-submit has-spinner\" type=\"submit\" value=\"WY\u015aLIJ\" \/>\n\t<\/p>\n<\/div><div class=\"wpcf7-response-output\" aria-hidden=\"true\"><\/div>\n<\/form>\n<\/div>\n[vc_empty_space height=&#8221;50&#8243;][\/vc_column_inner][\/vc_row_inner][\/vc_column][\/vc_row][vc_row row_content_width=&#8221;grid&#8221;][vc_column width=&#8221;1\/2&#8243;]<div class=\"eltdf-elements-holder eltdf-responsive-mode-768\" ><div class=\"eltdf-eh-item \" data-item-class=\"eltdf-eh-custom-849869\" >\n\t<div class=\"eltdf-eh-item-inner\" >\n\t\t<div class=\"eltdf-eh-item-content eltdf-eh-custom-849869\" >\n\t\t\t[vc_column_text]<\/p>\n<h3>Biuro Zarz\u0105du<\/h3>\n<p>tel. +48\u00a0604\u00a0495 638<br \/>\ne-mail.\u00a0<a href=\"mailto:biuro@dysten.pl\">biuro@dysten.pl<\/a>[\/vc_column_text][vc_column_text]<\/p>\n<h3>Ksi\u0119gowo\u015b\u0107<\/h3>\n<p>tel.+48 882 436 410<br \/>\ne-mail.\u00a0<a href=\"mailto:pawel.jastrzebski@dysten.pl\">pawel.jastrzebski@dysten.pl<\/a>[\/vc_column_text][vc_column_text]<\/p>\n<h3>Wsparcie i Serwis<\/h3>\n<p>tel.+48 604 495 639<br \/>\ne-mail.\u00a0<a href=\"mailto:serwis@dysten.pl\">serwis@dysten.pl<\/a>[\/vc_column_text][vc_empty_space height=&#8221;50&#8243;]\t\t<\/div>\n\t<\/div>\n<\/div><\/div>[\/vc_column][vc_column width=&#8221;1\/2&#8243;]<div class=\"eltdf-elements-holder eltdf-responsive-mode-768\" ><div class=\"eltdf-eh-item \" data-item-class=\"eltdf-eh-custom-587490\" >\n\t<div class=\"eltdf-eh-item-inner\" >\n\t\t<div class=\"eltdf-eh-item-content eltdf-eh-custom-587490\" >\n\t\t\t[vc_column_text]<\/p>\n<h3>Dzia\u0142 Sprzeda\u017cy<\/h3>\n<p>&nbsp;<\/p>\n<p><strong>Joanna Lisowska<\/strong><\/p>\n<p>Dyrektor Sprzeda\u017cy<br \/>\ntel. +48 797 026 352<br \/>\ne-mail.\u00a0<a href=\"mailto:joanna.lisowska@dysten.pl\">joanna.lisowska@dysten.pl<\/a><\/p>\n<p>&nbsp;<\/p>\n<p><strong>Artur Imbiorski<\/strong><\/p>\n<p>Manager Projekt\u00f3w<br \/>\ntel.+48 512 280 520<br \/>\ne-mail.\u00a0<a href=\"mailto:artur.imbiorski@dysten.pl\">artur.imbiorski@dysten.pl<\/a>[\/vc_column_text]\t\t<\/div>\n\t<\/div>\n<\/div><\/div>[\/vc_column][\/vc_row][vc_row row_content_width=&#8221;grid&#8221; content_text_aligment=&#8221;center&#8221; el_class=&#8221;map-wrapper&#8221;][vc_column][\/vc_column][\/vc_row][vc_row row_content_width=&#8221;grid&#8221;][vc_column][vc_column_text]<\/p>\n<h2>Zosta\u0144 naszym partnerem<\/h2>\n<p>Wsp\u00f3\u0142pracujemy z partnerami w wielu krajach, kt\u00f3rzy instaluj\u0105 i serwisuj\u0105 urz\u0105dzenia Dysten. Cz\u0119sto s\u0105 one wykonywane zgodnie z indywidualn\u0105 specyfikacj\u0105 partnera pod konkretne lokalne przetargi. DYSTEN jest firm\u0105, kt\u00f3ra ma w\u0142asny dzia\u0142 badawczo-rozwojowy, produkcj\u0119 i zesp\u00f3\u0142 do\u015bwiadczonych in\u017cynier\u00f3w. \u0141\u0105czymy niezawodno\u015b\u0107, innowacje, nowoczesne technologie i atrakcyjn\u0105 cen\u0119.[\/vc_column_text][vc_empty_space height=&#8221;50&#8243;][\/vc_column][\/vc_row][vc_row row_content_width=&#8221;grid&#8221;][vc_column][vc_column_text el_id=&#8221;inquiry-form&#8221;]<\/p>\n<h3>Wy\u015blij zapytanie<\/h3>\n<p>[\/vc_column_text][vc_empty_space height=&#8221;50&#8243;][\/vc_column][\/vc_row][vc_row row_content_width=&#8221;grid&#8221;][vc_column]\n<div class=\"wpcf7 no-js\" id=\"wpcf7-f6573-o2\" lang=\"en-US\" dir=\"ltr\">\n<div class=\"screen-reader-response\"><p role=\"status\" aria-live=\"polite\" aria-atomic=\"true\"><\/p> <ul><\/ul><\/div>\n<form action=\"\/pl\/wp-json\/wp\/v2\/pages\/6562#wpcf7-f6573-o2\" method=\"post\" class=\"wpcf7-form init\" aria-label=\"Contact form\" novalidate=\"novalidate\" data-status=\"init\">\n<div style=\"display: none;\">\n<input type=\"hidden\" name=\"_wpcf7\" value=\"6573\" \/>\n<input type=\"hidden\" name=\"_wpcf7_version\" value=\"5.9.5\" \/>\n<input type=\"hidden\" name=\"_wpcf7_locale\" value=\"en_US\" \/>\n<input type=\"hidden\" name=\"_wpcf7_unit_tag\" value=\"wpcf7-f6573-o2\" \/>\n<input type=\"hidden\" name=\"_wpcf7_container_post\" value=\"0\" \/>\n<input type=\"hidden\" name=\"_wpcf7_posted_data_hash\" value=\"\" \/>\n<input type=\"hidden\" name=\"_wpcf7_recaptcha_response\" value=\"\" \/>\n<\/div>\n<div>\n\t<p><span class=\"wpcf7-form-control-wrap\" data-name=\"your-name\"><input size=\"40\" class=\"wpcf7-form-control wpcf7-text wpcf7-validates-as-required\" aria-required=\"true\" aria-invalid=\"false\" placeholder=\"Imi\u0119*\" value=\"\" type=\"text\" name=\"your-name\" \/><\/span>\n\t<\/p>\n<\/div>\n<div>\n\t<p><span class=\"wpcf7-form-control-wrap\" data-name=\"your-surname\"><input size=\"40\" class=\"wpcf7-form-control wpcf7-text wpcf7-validates-as-required\" aria-required=\"true\" aria-invalid=\"false\" placeholder=\"Nazwisko*\" value=\"\" type=\"text\" name=\"your-surname\" \/><\/span>\n\t<\/p>\n<\/div>\n<div>\n\t<p><span class=\"wpcf7-form-control-wrap\" data-name=\"tel\"><input size=\"40\" class=\"wpcf7-form-control wpcf7-tel wpcf7-text wpcf7-validates-as-tel\" aria-invalid=\"false\" placeholder=\"Tel.\" value=\"\" type=\"tel\" name=\"tel\" \/><\/span>\n\t<\/p>\n<\/div>\n<div>\n\t<p><span class=\"wpcf7-form-control-wrap\" data-name=\"email\"><input size=\"40\" class=\"wpcf7-form-control wpcf7-email wpcf7-validates-as-required wpcf7-text wpcf7-validates-as-email\" aria-required=\"true\" aria-invalid=\"false\" placeholder=\"E-mail*\" value=\"\" type=\"email\" name=\"email\" \/><\/span>\n\t<\/p>\n<\/div>\n<div>\n\t<p><span class=\"wpcf7-form-control-wrap\" data-name=\"company\"><input size=\"40\" class=\"wpcf7-form-control wpcf7-text wpcf7-validates-as-required\" aria-required=\"true\" aria-invalid=\"false\" placeholder=\"Firma*\" value=\"\" type=\"text\" name=\"company\" \/><\/span>\n\t<\/p>\n<\/div>\n<div>\n\t<p><span class=\"wpcf7-form-control-wrap\" data-name=\"title\"><input size=\"40\" class=\"wpcf7-form-control wpcf7-text wpcf7-validates-as-required\" id=\"title\" aria-required=\"true\" aria-invalid=\"false\" placeholder=\"Tytu\u0142*\" value=\"\" type=\"text\" name=\"title\" \/><\/span>\n\t<\/p>\n<\/div>\n<div>\n\t<p><span class=\"wpcf7-form-control-wrap\" data-name=\"message\"><textarea cols=\"40\" rows=\"8\" class=\"wpcf7-form-control wpcf7-textarea\" aria-invalid=\"false\" placeholder=\"Wiadomo\u015b\u0107*\" name=\"message\"><\/textarea><\/span>\n\t<\/p>\n<\/div>\n<p><span class=\"wpcf7-form-control-wrap\" data-name=\"acceptance-47\"><span class=\"wpcf7-form-control wpcf7-acceptance\"><span class=\"wpcf7-list-item\"><label><input type=\"checkbox\" name=\"acceptance-47\" value=\"1\" aria-invalid=\"false\" \/><span class=\"wpcf7-list-item-label\">Wysy\u0142aj\u0105c zapytanie zgadzam si\u0119 na przetwarzanie moich danych osobowych zgodnie z przepisami o ochronie danych osobowych <a href=\"https:\/\/sport-scoreboards.com\/pl\/rodo\/\"> (GDPR-RODO).<\/a> Brak zgody na przetwarzanie danych osobowych uniemo\u017cliwi udzielenie odpowiedzi*<\/span><\/label><\/span><\/span><\/span>\n<\/p>\n<div>\n\t<p><input class=\"wpcf7-form-control wpcf7-submit has-spinner\" type=\"submit\" value=\"Wy\u015blij\" \/><a href=\"\/thank-you\/\" target=\"_blank\" rel=\"noopener\"><\/a>\n\t<\/p>\n<\/div><div class=\"wpcf7-response-output\" aria-hidden=\"true\"><\/div>\n<\/form>\n<\/div>\n[vc_empty_space height=&#8221;12&#8243;][vc_column_text]* wymagane[\/vc_column_text][\/vc_column][\/vc_row][vc_row][vc_column][vc_raw_js]JTNDc2NyaXB0JTNFJTBBY29uc3QlMjBwYXJhbXMlMjAlM0QlMjBuZXclMjBVUkxTZWFyY2hQYXJhbXMlMjh3aW5kb3cubG9jYXRpb24uc2VhcmNoJTI5JTNCJTBBbGV0JTIwbmV3VGl0bGUlMjAlM0QlMjBwYXJhbXMuZ2V0JTI4JTI3dGl0bGUlMjclMjklM0IlMEFjb25zb2xlLndhcm4lMjhuZXdUaXRsZSUyOSUzQiUwQWlmJTIwJTI4bmV3VGl0bGUlMjAlMjYlMjYlMjBuZXdUaXRsZS5sZW5ndGglMjAlM0UlMjAwJTI5JTIwJTdCJTBBJTIwbmV3VGl0bGUlMjAlM0QlMjBuZXdUaXRsZS5yZXBsYWNlJTI4JTJGJTVDLSUyRmclMkMlMjAlMjclMjAlMjclMjkudG9VcHBlckNhc2UlMjglMjklM0IlMEElMjB3aW5kb3cub25sb2FkJTI4c2V0VGl0bGUlMjhuZXdUaXRsZSUyOSUyOSUzQiUwQSU3RCUwQSUwQWZ1bmN0aW9uJTIwc2V0VGl0bGUlMjh0aXRsZSUyOSUyMCU3QiUwQWRvY3VtZW50LmdldEVsZW1lbnRCeUlkJTI4JTI3aW5xdWlyeS1mb3JtJTI3JTI5LnNjcm9sbEludG9WaWV3JTI4JTdCYmVoYXZpb3IlM0ElMjAlMjJzbW9vdGglMjIlMkMlMjBibG9jayUzQSUyMCUyMmNlbnRlciUyMiU3RCUyOSUzQiUwQWRvY3VtZW50LmdldEVsZW1lbnRCeUlkJTI4JTI3dGl0bGUlMjclMjkudmFsdWUlM0QlMjB0aXRsZSUzQiUwQSU3RCUwQSUwQSUzQyUyRnNjcmlwdCUzRSUwQQ==[\/vc_raw_js][\/vc_column][\/vc_row][vc_row][vc_column][vc_raw_js]JTNDc2NyaXB0JTNFJTBBJTIwZG9jdW1lbnQuYWRkRXZlbnRMaXN0ZW5lciUyOCUyMCUyN3dwY2Y3bWFpbHNlbnQlMjclMkMlMjBmdW5jdGlvbiUyOCUyMGV2ZW50JTIwJTI5JTIwJTdCJTBBJTIwJTIwJTIwJTIwaWYlMjAlMjhldmVudCUwQSUyMCUyMCUyMCUyMCUyMCUyMCUyMCUyNiUyNiUyMGV2ZW50LmRldGFpbCUwQSUyMCUyMCUyMCUyMCUyMCUyMCUyMCUyNiUyNiUyMGV2ZW50LmRldGFpbC5hcGlSZXNwb25zZSUwQSUyMCUyMCUyMCUyMCUyMCUyMCUyMCUyNiUyNiUyMGV2ZW50LmRldGFpbC5hcGlSZXNwb25zZS5zdGF0dXMlMjAlM0QlM0QlM0QlMjAlMjdtYWlsX3NlbnQlMjclMjklMjAlN0IlMEElMjAlMjAlMjAlMjAlMjAlMjAlMjAlMjAlMjAlMjBsb2NhdGlvbiUyMCUzRCUyMCUyN2h0dHBzJTNBJTJGJTJGc3BvcnQtc2NvcmVib2FyZHMuY29tJTJGcGwlMkZ0aGFuay15b3UlMkYlMjclM0IlMEElMjAlMjAlMjAlMjAlMjAlMjAlMjAlN0QlMEElN0QlMkMlMjBmYWxzZSUyMCUyOSUzQiUwQSUzQyUyRnNjcmlwdCUzRQ==[\/vc_raw_js][\/vc_column][\/vc_row][vc_row][vc_column][vc_single_image image=&#8221;14525&#8243; img_size=&#8221;1340&#8243; alignment=&#8221;center&#8221; onclick=&#8221;custom_link&#8221; img_link_target=&#8221;_blank&#8221; link=&#8221;https:\/\/www.google.pl\/maps\/place\/Dysten+Sp.+z+o.o.+Systemy+Dynamicznej+Informacji+Pasa%C5%BCerskiej\/@50.3127073,18.7419958,13.97z\/data=!4m6!3m5!1s0x4711323a5012e413:0x148c4ecbfb40f9bb!8m2!3d50.310786!4d18.7533661!16s%2Fg%2F1hm3170kk?entry=ttu&#8221;][\/vc_column][\/vc_row]<\/p>\n","protected":false},"excerpt":{"rendered":"<p>[vc_row row_content_width=&#8221;grid&#8221; content_text_aligment=&#8221;left&#8221; css=&#8221;.vc_custom_1474554418483{padding-top: 111px !important;padding-bottom: 61px !important;}&#8221;][vc_column offset=&#8221;vc_col-md-6&#8243;][vc_column_text] ZAINTERESOWANY WSP\u00d3\u0141PRAC\u0104? [\/vc_column_text][vc_column_text]Skontaktuj si\u0119 z nami. Jeste\u015bmy tu \u017ceby wesprze\u0107 Tw\u00f3j biznes.[\/vc_column_text][vc_empty_space height=&#8221;66&#8243;][vc_row_inner][vc_column_inner offset=&#8221;vc_col-lg-6 vc_col-md-12&#8243;][vc_column_text] POLSKA DYSTEN \u2013 Tablice wynik\u00f3w I ekrany [\/vc_column_text][vc_column_text]Adres: Ul. Grunwaldzka 91 41-800 Zabrze Polska[\/vc_column_text][vc_empty_space height=&#8221;12&#8243;][vc_column_text]Email: biuro@dysten.pl Telefon: +48 32 376 12 [&hellip;]<\/p>\n","protected":false},"author":1,"featured_media":0,"parent":0,"menu_order":0,"comment_status":"closed","ping_status":"closed","template":"full-width.php","meta":{"footnotes":""},"yoast_head":"<!-- This site is optimized with the Yoast SEO plugin v22.8 - https:\/\/yoast.com\/wordpress\/plugins\/seo\/ -->\n<title>Kontakt - Sport scoreboards<\/title>\n<meta name=\"robots\" content=\"index, follow, max-snippet:-1, max-image-preview:large, max-video-preview:-1\" \/>\n<link rel=\"canonical\" href=\"https:\/\/sport-scoreboards.com\/en\/contact\/\" \/>\n<meta property=\"og:locale\" content=\"pl_PL\" \/>\n<meta property=\"og:type\" content=\"article\" \/>\n<meta property=\"og:title\" content=\"Kontakt - Sport scoreboards\" \/>\n<meta property=\"og:description\" content=\"[vc_row row_content_width=&#8221;grid&#8221; content_text_aligment=&#8221;left&#8221; css=&#8221;.vc_custom_1474554418483{padding-top: 111px !important;padding-bottom: 61px !important;}&#8221;][vc_column offset=&#8221;vc_col-md-6&#8243;][vc_column_text] ZAINTERESOWANY WSP\u00d3\u0141PRAC\u0104? [\/vc_column_text][vc_column_text]Skontaktuj si\u0119 z nami. Jeste\u015bmy tu \u017ceby wesprze\u0107 Tw\u00f3j biznes.[\/vc_column_text][vc_empty_space height=&#8221;66&#8243;][vc_row_inner][vc_column_inner offset=&#8221;vc_col-lg-6 vc_col-md-12&#8243;][vc_column_text] POLSKA DYSTEN \u2013 Tablice wynik\u00f3w I ekrany [\/vc_column_text][vc_column_text]Adres: Ul. Grunwaldzka 91 41-800 Zabrze Polska[\/vc_column_text][vc_empty_space height=&#8221;12&#8243;][vc_column_text]Email: biuro@dysten.pl Telefon: +48 32 376 12 [&hellip;]\" \/>\n<meta property=\"og:url\" content=\"https:\/\/sport-scoreboards.com\/en\/contact\/\" \/>\n<meta property=\"og:site_name\" content=\"Sport scoreboards\" \/>\n<meta property=\"article:modified_time\" content=\"2024-03-04T14:30:53+00:00\" \/>\n<meta name=\"twitter:card\" content=\"summary_large_image\" \/>\n<meta name=\"twitter:label1\" content=\"Szacowany czas czytania\" \/>\n\t<meta name=\"twitter:data1\" content=\"1 minuta\" \/>\n<script type=\"application\/ld+json\" class=\"yoast-schema-graph\">{\"@context\":\"https:\/\/schema.org\",\"@graph\":[{\"@type\":\"WebPage\",\"@id\":\"https:\/\/sport-scoreboards.com\/en\/contact\/\",\"url\":\"https:\/\/sport-scoreboards.com\/en\/contact\/\",\"name\":\"Kontakt - Sport scoreboards\",\"isPartOf\":{\"@id\":\"https:\/\/sport-scoreboards.com\/en\/#website\"},\"datePublished\":\"2016-09-22T14:20:20+00:00\",\"dateModified\":\"2024-03-04T14:30:53+00:00\",\"breadcrumb\":{\"@id\":\"https:\/\/sport-scoreboards.com\/en\/contact\/#breadcrumb\"},\"inLanguage\":\"pl-PL\",\"potentialAction\":[{\"@type\":\"ReadAction\",\"target\":[\"https:\/\/sport-scoreboards.com\/en\/contact\/\"]}]},{\"@type\":\"BreadcrumbList\",\"@id\":\"https:\/\/sport-scoreboards.com\/en\/contact\/#breadcrumb\",\"itemListElement\":[{\"@type\":\"ListItem\",\"position\":1,\"name\":\"Home\",\"item\":\"https:\/\/sport-scoreboards.com\/en\/\"},{\"@type\":\"ListItem\",\"position\":2,\"name\":\"Kontakt\"}]},{\"@type\":\"WebSite\",\"@id\":\"https:\/\/sport-scoreboards.com\/en\/#website\",\"url\":\"https:\/\/sport-scoreboards.com\/en\/\",\"name\":\"Sport scoreboards\",\"description\":\"dysten\",\"potentialAction\":[{\"@type\":\"SearchAction\",\"target\":{\"@type\":\"EntryPoint\",\"urlTemplate\":\"https:\/\/sport-scoreboards.com\/en\/?s={search_term_string}\"},\"query-input\":\"required name=search_term_string\"}],\"inLanguage\":\"pl-PL\"}]}<\/script>\n<!-- \/ Yoast SEO plugin. -->","yoast_head_json":{"title":"Kontakt - Sport scoreboards","robots":{"index":"index","follow":"follow","max-snippet":"max-snippet:-1","max-image-preview":"max-image-preview:large","max-video-preview":"max-video-preview:-1"},"canonical":"https:\/\/sport-scoreboards.com\/en\/contact\/","og_locale":"pl_PL","og_type":"article","og_title":"Kontakt - Sport scoreboards","og_description":"[vc_row row_content_width=&#8221;grid&#8221; content_text_aligment=&#8221;left&#8221; css=&#8221;.vc_custom_1474554418483{padding-top: 111px !important;padding-bottom: 61px !important;}&#8221;][vc_column offset=&#8221;vc_col-md-6&#8243;][vc_column_text] ZAINTERESOWANY WSP\u00d3\u0141PRAC\u0104? [\/vc_column_text][vc_column_text]Skontaktuj si\u0119 z nami. Jeste\u015bmy tu \u017ceby wesprze\u0107 Tw\u00f3j biznes.[\/vc_column_text][vc_empty_space height=&#8221;66&#8243;][vc_row_inner][vc_column_inner offset=&#8221;vc_col-lg-6 vc_col-md-12&#8243;][vc_column_text] POLSKA DYSTEN \u2013 Tablice wynik\u00f3w I ekrany [\/vc_column_text][vc_column_text]Adres: Ul. Grunwaldzka 91 41-800 Zabrze Polska[\/vc_column_text][vc_empty_space height=&#8221;12&#8243;][vc_column_text]Email: biuro@dysten.pl Telefon: +48 32 376 12 [&hellip;]","og_url":"https:\/\/sport-scoreboards.com\/en\/contact\/","og_site_name":"Sport scoreboards","article_modified_time":"2024-03-04T14:30:53+00:00","twitter_card":"summary_large_image","twitter_misc":{"Szacowany czas czytania":"1 minuta"},"schema":{"@context":"https:\/\/schema.org","@graph":[{"@type":"WebPage","@id":"https:\/\/sport-scoreboards.com\/en\/contact\/","url":"https:\/\/sport-scoreboards.com\/en\/contact\/","name":"Kontakt - Sport scoreboards","isPartOf":{"@id":"https:\/\/sport-scoreboards.com\/en\/#website"},"datePublished":"2016-09-22T14:20:20+00:00","dateModified":"2024-03-04T14:30:53+00:00","breadcrumb":{"@id":"https:\/\/sport-scoreboards.com\/en\/contact\/#breadcrumb"},"inLanguage":"pl-PL","potentialAction":[{"@type":"ReadAction","target":["https:\/\/sport-scoreboards.com\/en\/contact\/"]}]},{"@type":"BreadcrumbList","@id":"https:\/\/sport-scoreboards.com\/en\/contact\/#breadcrumb","itemListElement":[{"@type":"ListItem","position":1,"name":"Home","item":"https:\/\/sport-scoreboards.com\/en\/"},{"@type":"ListItem","position":2,"name":"Kontakt"}]},{"@type":"WebSite","@id":"https:\/\/sport-scoreboards.com\/en\/#website","url":"https:\/\/sport-scoreboards.com\/en\/","name":"Sport scoreboards","description":"dysten","potentialAction":[{"@type":"SearchAction","target":{"@type":"EntryPoint","urlTemplate":"https:\/\/sport-scoreboards.com\/en\/?s={search_term_string}"},"query-input":"required name=search_term_string"}],"inLanguage":"pl-PL"}]}},"_links":{"self":[{"href":"https:\/\/sport-scoreboards.com\/pl\/wp-json\/wp\/v2\/pages\/6562"}],"collection":[{"href":"https:\/\/sport-scoreboards.com\/pl\/wp-json\/wp\/v2\/pages"}],"about":[{"href":"https:\/\/sport-scoreboards.com\/pl\/wp-json\/wp\/v2\/types\/page"}],"author":[{"embeddable":true,"href":"https:\/\/sport-scoreboards.com\/pl\/wp-json\/wp\/v2\/users\/1"}],"replies":[{"embeddable":true,"href":"https:\/\/sport-scoreboards.com\/pl\/wp-json\/wp\/v2\/comments?post=6562"}],"version-history":[{"count":61,"href":"https:\/\/sport-scoreboards.com\/pl\/wp-json\/wp\/v2\/pages\/6562\/revisions"}],"predecessor-version":[{"id":14535,"href":"https:\/\/sport-scoreboards.com\/pl\/wp-json\/wp\/v2\/pages\/6562\/revisions\/14535"}],"wp:attachment":[{"href":"https:\/\/sport-scoreboards.com\/pl\/wp-json\/wp\/v2\/media?parent=6562"}],"curies":[{"name":"wp","href":"https:\/\/api.w.org\/{rel}","templated":true}]}}