{"id":6596,"date":"2016-09-21T13:50:21","date_gmt":"2016-09-21T13:50:21","guid":{"rendered":"https:\/\/sport-scoreboards.com\/?page_id=6596"},"modified":"2020-02-14T12:53:37","modified_gmt":"2020-02-14T12:53:37","slug":"thank-you","status":"publish","type":"page","link":"https:\/\/sport-scoreboards.com\/pl\/thank-you\/","title":{"rendered":"Dzi\u0119kujemy"},"content":{"rendered":"<p>[vc_row row_content_width=&#8221;grid&#8221;][vc_column][vc_column_text]<\/p>\n<h2>Dzi\u0119kujemy za Twoj\u0105 wiadomo\u015b\u0107. Przeka\u017cemy j\u0105 w\u0142a\u015bciwemu specjali\u015bcie, kt\u00f3ry przygotuje potrzebne informacje i skontaktuje si\u0119 w najbli\u017cszym mo\u017cliwym czasie.<\/h2>\n<p>[\/vc_column_text][vc_empty_space][vc_column_text]<\/p>\n<h3>Zesp\u00f3\u0142 DYSTEN<\/h3>\n<p>[\/vc_column_text][vc_empty_space height=&#8221;64px&#8221;][vc_column_text]<\/p>\n<h4><a href=\"https:\/\/sport-scoreboards.com\/rodo\/?lang=pl\">DYSTEN Sp. z o.o. przetwarza dane osobowe zgodnie z przepisami RODO z dnia 25 maja 2018r. Niezb\u0119dne informacje znajd\u0105 Pa\u0144stwo na podstronie po\u015bwi\u0119conej przepisom GDPR-RODO. <\/a><\/h4>\n<p>[\/vc_column_text][vc_empty_space][vc_column_text]<strong>Dane Kontaktowe:<\/strong><br \/>\nGrunwaldzka 91, Zabrze 41-800<br \/>\nTel:+48 32 376 12 60<br \/>\nEmail: biuro@dysten.pl[\/vc_column_text][vc_empty_space][vc_column_text]<strong>Zapraszamy<\/strong><br \/>\nPoniedzia\u0142ek &#8211; Pi\u0105tek 8:00 &#8211; 16:00[\/vc_column_text][vc_empty_space][vc_column_text]<strong>Dane transakcyjne<\/strong><br \/>\nDYSTEN Sp. z o.o.<br \/>\nNIP: 648 249 75 73<br \/>\nREGON: 278 219 993<br \/>\nKRS: 0000208122[\/vc_column_text][\/vc_column][\/vc_row][vc_row row_content_width=&#8221;grid&#8221; el_class=&#8221;map-wrapper&#8221;][vc_column][vc_gmaps link=&#8221;#E-8_JTNDaWZyYW1lJTIwc3JjJTNEJTIyaHR0cHMlM0ElMkYlMkZ3d3cuZ29vZ2xlLmNvbSUyRm1hcHMlMkZlbWJlZCUzRnBiJTNEJTIxMW0xOCUyMTFtMTIlMjExbTMlMjExZDI1NDcuOTgwNzAyNDY4NTg5JTIxMmQxOC43NTI1MTk5MTU4OTIzNjglMjEzZDUwLjMxMDk1MjIwNTI4NzM3JTIxMm0zJTIxMWYwJTIxMmYwJTIxM2YwJTIxM20yJTIxMWkxMDI0JTIxMmk3NjglMjE0ZjEzLjElMjEzbTMlMjExbTIlMjExczB4NDcxMTMyMWQ5YjhjYzk5ZiUyNTNBMHg3ZjMzMmI2ODZlZTM2Njc1JTIxMnNHcnVud2FsZHprYSUyNTIwOTElMjUyQyUyNTIwNDEtODAwJTI1MjBaYWJyemUlMjE1ZTAlMjEzbTIlMjExc3BsJTIxMnNwbCUyMTR2MTU4MTY4MTM4NjQ1MCUyMTVtMiUyMTFzcGwlMjEyc3BsJTIyJTIwd2lkdGglM0QlMjI2MDAlMjIlMjBoZWlnaHQlM0QlMjI0NTAlMjIlMjBmcmFtZWJvcmRlciUzRCUyMjAlMjIlMjBzdHlsZSUzRCUyMmJvcmRlciUzQTAlM0IlMjIlMjBhbGxvd2Z1bGxzY3JlZW4lM0QlMjIlMjIlM0UlM0MlMkZpZnJhbWUlM0U=&#8221; size=&#8221;&#8221;][\/vc_column][\/vc_row]<\/p>\n","protected":false},"excerpt":{"rendered":"<p>[vc_row row_content_width=&#8221;grid&#8221;][vc_column][vc_column_text] Dzi\u0119kujemy za Twoj\u0105 wiadomo\u015b\u0107. Przeka\u017cemy j\u0105 w\u0142a\u015bciwemu specjali\u015bcie, kt\u00f3ry przygotuje potrzebne informacje i skontaktuje si\u0119 w najbli\u017cszym mo\u017cliwym czasie. [\/vc_column_text][vc_empty_space][vc_column_text] Zesp\u00f3\u0142 DYSTEN [\/vc_column_text][vc_empty_space height=&#8221;64px&#8221;][vc_column_text] DYSTEN Sp. z o.o. przetwarza dane osobowe zgodnie z przepisami RODO z dnia 25 maja 2018r. Niezb\u0119dne informacje znajd\u0105 [&hellip;]<\/p>\n","protected":false},"author":1,"featured_media":0,"parent":0,"menu_order":0,"comment_status":"closed","ping_status":"closed","template":"full-width.php","meta":{"footnotes":""},"yoast_head":"<!-- This site is optimized with the Yoast SEO plugin v22.8 - https:\/\/yoast.com\/wordpress\/plugins\/seo\/ -->\n<title>Dzi\u0119kujemy - Sport scoreboards<\/title>\n<meta name=\"robots\" content=\"index, follow, max-snippet:-1, max-image-preview:large, max-video-preview:-1\" \/>\n<link rel=\"canonical\" href=\"https:\/\/sport-scoreboards.com\/en\/thank-you\/\" \/>\n<meta property=\"og:locale\" content=\"pl_PL\" \/>\n<meta property=\"og:type\" content=\"article\" \/>\n<meta property=\"og:title\" content=\"Dzi\u0119kujemy - Sport scoreboards\" \/>\n<meta property=\"og:description\" content=\"[vc_row row_content_width=&#8221;grid&#8221;][vc_column][vc_column_text] Dzi\u0119kujemy za Twoj\u0105 wiadomo\u015b\u0107. Przeka\u017cemy j\u0105 w\u0142a\u015bciwemu specjali\u015bcie, kt\u00f3ry przygotuje potrzebne informacje i skontaktuje si\u0119 w najbli\u017cszym mo\u017cliwym czasie. [\/vc_column_text][vc_empty_space][vc_column_text] Zesp\u00f3\u0142 DYSTEN [\/vc_column_text][vc_empty_space height=&#8221;64px&#8221;][vc_column_text] DYSTEN Sp. z o.o. przetwarza dane osobowe zgodnie z przepisami RODO z dnia 25 maja 2018r. Niezb\u0119dne informacje znajd\u0105 [&hellip;]\" \/>\n<meta property=\"og:url\" content=\"https:\/\/sport-scoreboards.com\/en\/thank-you\/\" \/>\n<meta property=\"og:site_name\" content=\"Sport scoreboards\" \/>\n<meta property=\"article:modified_time\" content=\"2020-02-14T12:53:37+00:00\" \/>\n<meta name=\"twitter:card\" content=\"summary_large_image\" \/>\n<meta name=\"twitter:label1\" content=\"Szacowany czas czytania\" \/>\n\t<meta name=\"twitter:data1\" content=\"1 minuta\" \/>\n<script type=\"application\/ld+json\" class=\"yoast-schema-graph\">{\"@context\":\"https:\/\/schema.org\",\"@graph\":[{\"@type\":\"WebPage\",\"@id\":\"https:\/\/sport-scoreboards.com\/en\/thank-you\/\",\"url\":\"https:\/\/sport-scoreboards.com\/en\/thank-you\/\",\"name\":\"Dzi\u0119kujemy - Sport scoreboards\",\"isPartOf\":{\"@id\":\"https:\/\/sport-scoreboards.com\/en\/#website\"},\"datePublished\":\"2016-09-21T13:50:21+00:00\",\"dateModified\":\"2020-02-14T12:53:37+00:00\",\"breadcrumb\":{\"@id\":\"https:\/\/sport-scoreboards.com\/en\/thank-you\/#breadcrumb\"},\"inLanguage\":\"pl-PL\",\"potentialAction\":[{\"@type\":\"ReadAction\",\"target\":[\"https:\/\/sport-scoreboards.com\/en\/thank-you\/\"]}]},{\"@type\":\"BreadcrumbList\",\"@id\":\"https:\/\/sport-scoreboards.com\/en\/thank-you\/#breadcrumb\",\"itemListElement\":[{\"@type\":\"ListItem\",\"position\":1,\"name\":\"Home\",\"item\":\"https:\/\/sport-scoreboards.com\/en\/\"},{\"@type\":\"ListItem\",\"position\":2,\"name\":\"Dzi\u0119kujemy\"}]},{\"@type\":\"WebSite\",\"@id\":\"https:\/\/sport-scoreboards.com\/en\/#website\",\"url\":\"https:\/\/sport-scoreboards.com\/en\/\",\"name\":\"Sport scoreboards\",\"description\":\"dysten\",\"potentialAction\":[{\"@type\":\"SearchAction\",\"target\":{\"@type\":\"EntryPoint\",\"urlTemplate\":\"https:\/\/sport-scoreboards.com\/en\/?s={search_term_string}\"},\"query-input\":\"required name=search_term_string\"}],\"inLanguage\":\"pl-PL\"}]}<\/script>\n<!-- \/ Yoast SEO plugin. -->","yoast_head_json":{"title":"Dzi\u0119kujemy - Sport scoreboards","robots":{"index":"index","follow":"follow","max-snippet":"max-snippet:-1","max-image-preview":"max-image-preview:large","max-video-preview":"max-video-preview:-1"},"canonical":"https:\/\/sport-scoreboards.com\/en\/thank-you\/","og_locale":"pl_PL","og_type":"article","og_title":"Dzi\u0119kujemy - Sport scoreboards","og_description":"[vc_row row_content_width=&#8221;grid&#8221;][vc_column][vc_column_text] Dzi\u0119kujemy za Twoj\u0105 wiadomo\u015b\u0107. Przeka\u017cemy j\u0105 w\u0142a\u015bciwemu specjali\u015bcie, kt\u00f3ry przygotuje potrzebne informacje i skontaktuje si\u0119 w najbli\u017cszym mo\u017cliwym czasie. [\/vc_column_text][vc_empty_space][vc_column_text] Zesp\u00f3\u0142 DYSTEN [\/vc_column_text][vc_empty_space height=&#8221;64px&#8221;][vc_column_text] DYSTEN Sp. z o.o. przetwarza dane osobowe zgodnie z przepisami RODO z dnia 25 maja 2018r. Niezb\u0119dne informacje znajd\u0105 [&hellip;]","og_url":"https:\/\/sport-scoreboards.com\/en\/thank-you\/","og_site_name":"Sport scoreboards","article_modified_time":"2020-02-14T12:53:37+00:00","twitter_card":"summary_large_image","twitter_misc":{"Szacowany czas czytania":"1 minuta"},"schema":{"@context":"https:\/\/schema.org","@graph":[{"@type":"WebPage","@id":"https:\/\/sport-scoreboards.com\/en\/thank-you\/","url":"https:\/\/sport-scoreboards.com\/en\/thank-you\/","name":"Dzi\u0119kujemy - Sport scoreboards","isPartOf":{"@id":"https:\/\/sport-scoreboards.com\/en\/#website"},"datePublished":"2016-09-21T13:50:21+00:00","dateModified":"2020-02-14T12:53:37+00:00","breadcrumb":{"@id":"https:\/\/sport-scoreboards.com\/en\/thank-you\/#breadcrumb"},"inLanguage":"pl-PL","potentialAction":[{"@type":"ReadAction","target":["https:\/\/sport-scoreboards.com\/en\/thank-you\/"]}]},{"@type":"BreadcrumbList","@id":"https:\/\/sport-scoreboards.com\/en\/thank-you\/#breadcrumb","itemListElement":[{"@type":"ListItem","position":1,"name":"Home","item":"https:\/\/sport-scoreboards.com\/en\/"},{"@type":"ListItem","position":2,"name":"Dzi\u0119kujemy"}]},{"@type":"WebSite","@id":"https:\/\/sport-scoreboards.com\/en\/#website","url":"https:\/\/sport-scoreboards.com\/en\/","name":"Sport scoreboards","description":"dysten","potentialAction":[{"@type":"SearchAction","target":{"@type":"EntryPoint","urlTemplate":"https:\/\/sport-scoreboards.com\/en\/?s={search_term_string}"},"query-input":"required name=search_term_string"}],"inLanguage":"pl-PL"}]}},"_links":{"self":[{"href":"https:\/\/sport-scoreboards.com\/pl\/wp-json\/wp\/v2\/pages\/6596"}],"collection":[{"href":"https:\/\/sport-scoreboards.com\/pl\/wp-json\/wp\/v2\/pages"}],"about":[{"href":"https:\/\/sport-scoreboards.com\/pl\/wp-json\/wp\/v2\/types\/page"}],"author":[{"embeddable":true,"href":"https:\/\/sport-scoreboards.com\/pl\/wp-json\/wp\/v2\/users\/1"}],"replies":[{"embeddable":true,"href":"https:\/\/sport-scoreboards.com\/pl\/wp-json\/wp\/v2\/comments?post=6596"}],"version-history":[{"count":6,"href":"https:\/\/sport-scoreboards.com\/pl\/wp-json\/wp\/v2\/pages\/6596\/revisions"}],"predecessor-version":[{"id":6613,"href":"https:\/\/sport-scoreboards.com\/pl\/wp-json\/wp\/v2\/pages\/6596\/revisions\/6613"}],"wp:attachment":[{"href":"https:\/\/sport-scoreboards.com\/pl\/wp-json\/wp\/v2\/media?parent=6596"}],"curies":[{"name":"wp","href":"https:\/\/api.w.org\/{rel}","templated":true}]}}