{"id":6827,"date":"2016-09-19T13:09:40","date_gmt":"2016-09-19T13:09:40","guid":{"rendered":"https:\/\/sport-scoreboards.com\/product\/main-station-display-led-rgb\/"},"modified":"2020-05-20T13:25:14","modified_gmt":"2020-05-20T13:25:14","slug":"halowe-tablice-wynikow","status":"publish","type":"product","link":"https:\/\/sport-scoreboards.com\/pl\/product\/halowe-tablice-wynikow\/","title":{"rendered":"Halowe tablice wynik\u00f3w"},"content":{"rendered":"<p>[vc_row][vc_column][vc_raw_js]JTNDc2NyaXB0JTNFJTBBaWYlMjhkb2N1bWVudC5yZWFkeVN0YXRlJTIwJTNEJTNEJTNEJTIwJTI3cmVhZHklMjclMjAlN0MlN0MlMjBkb2N1bWVudC5yZWFkeVN0YXRlJTIwJTNEJTNEJTNEJTIwJTI3Y29tcGxldGUlMjclMjklMjAlN0IlMEElMjB0cmFuc2xhdGVEZXNjcmlwdGlvbiUyOCUyOSUzQiUwQSU3RCUyMGVsc2UlMjAlN0IlMEElMjAlMjBkb2N1bWVudC5vbnJlYWR5c3RhdGVjaGFuZ2UlMjAlM0QlMjBmdW5jdGlvbiUyMCUyOCUyOSUyMCU3QiUwQSUyMCUyMCUyMCUyMGlmJTIwJTI4ZG9jdW1lbnQucmVhZHlTdGF0ZSUyMCUzRCUzRCUyMCUyMmNvbXBsZXRlJTIyJTI5JTIwJTdCJTBBJTIwJTIwJTIwJTIwJTIwJTIwdHJhbnNsYXRlRGVzY3JpcHRpb24lMjglMjklMEElMjAlMjAlMjAlMjAlN0QlMEElMjAlMjAlN0QlMEElN0QlMEElMEFmdW5jdGlvbiUyMHRyYW5zbGF0ZURlc2NyaXB0aW9uJTI4JTI5JTIwJTdCJTBBJTIwY29uc3QlMjBkZXNjJTIwJTNEJTIwZG9jdW1lbnQuZ2V0RWxlbWVudHNCeUNsYXNzTmFtZSUyOCUyN2Rlc2NyaXB0aW9uX3RhYiUyNyUyOSUzQiUwQSUwQSUyMGlmJTIwJTI4ZGVzYyUyMCUyNiUyNiUyMGRlc2MubGVuZ3RoJTIwJTNFJTIwMCUyOSUyMCU3QiUyMCUwQSUyMCUyMGNvbnN0JTIwdGl0bGUlMjAlM0QlMjBkZXNjJTVCMCU1RC5nZXRFbGVtZW50c0J5Q2xhc3NOYW1lJTI4JTI3ZWx0ZGYtdGFiLXRpdGxlJTI3JTI5JTNCJTBBJTBBJTIwJTIwaWYlMjAlMjh0aXRsZSUyMCUyNiUyNiUyMHRpdGxlLmxlbmd0aCUyMCUzRSUyMDAlMjklMjAlN0IlMEElMjAlMjAlMjB0aXRsZSU1QjAlNUQuaW5uZXJUZXh0JTIwJTNEJTIwJTIyT3BpcyUyMiUzQiUwQSUyMCUyMCU3RCUwQSUyMCU3RCUwQSU3RCUwQSUwQSUzQyUyRnNjcmlwdCUzRSUwQQ==[\/vc_raw_js][\/vc_column][\/vc_row][vc_row][vc_column][vc_empty_space][\/vc_column][\/vc_row][vc_row][vc_column]<div class=\"eltdf-section-title-holder\" style=\"text-align: center\">\n\t\t\t<h2 class=\"eltdf-st-title\" >\n\t\t\t<span>Tablica wynik\u00f3w<\/span>\n\t\t<\/h2>\n\t\t<\/div>[\/vc_column][\/vc_row][vc_row][vc_column][vc_empty_space]<div class=\"eltdf-item-showcase-holder clearfix\"><div class=\"eltdf-is-item eltdf-is-left\">\n\t<div class=\"eltdf-is-content\">\n\t\t\t\t\t\t\t<p class=\"eltdf-is-text\" >Wy\u015bwietlane informacje na elektronicznej tablicy wynik\u00f3w multisport s\u0105 zgodne z oficjalnymi przepisami obs\u0142ugiwanych sport\u00f3w.<\/p>\n\t\t\t<\/div>\n<\/div><div class=\"eltdf-is-item eltdf-is-left\">\n\t<div class=\"eltdf-is-content\">\n\t\t\t\t\t\t\t<p class=\"eltdf-is-text\" >Obs\u0142uga m.in dyscyplin takich jak: pi\u0142ka no\u017cna, pi\u0142ka r\u0119czna, pi\u0142ka siatkowa \u2013 siatk\u00f3wka, koszyk\u00f3wka, hokej, unihokej (floorball), tenis ziemny oraz sto\u0142owy, badminton i wiele wi\u0119cej.<\/p>\n\t\t\t<\/div>\n<\/div><div class=\"eltdf-is-item eltdf-is-left\">\n\t<div class=\"eltdf-is-content\">\n\t\t\t\t\t\t\t<p class=\"eltdf-is-text\" >Wymiar cyfr oraz tablicy dopasowany do parametr\u00f3w hali i widowni.<\/p>\n\t\t\t<\/div>\n<\/div><div class=\"eltdf-is-item eltdf-is-right\">\n\t<div class=\"eltdf-is-content\">\n\t\t\t\t\t\t\t<p class=\"eltdf-is-text\" >Tablice wynik\u00f3w na hale widowiskowo \u2013 sportowe, sale gimnastyczne, lodowiska.<\/p>\n\t\t\t<\/div>\n<\/div><div class=\"eltdf-is-item eltdf-is-right\">\n\t<div class=\"eltdf-is-content\">\n\t\t\t\t\t\t\t<p class=\"eltdf-is-text\" >Konfiguracja tablicy wg wymaga\u0144 klienta. Tablica wynik\u00f3w poza wynikiem i czasem gry, mo\u017ce wy\u015bwietla\u0107 nazwiska zawodnik\u00f3w, przewinienia indywidualne, reklamy sponsor\u00f3w, informacje organizacyjne itp.<\/p>\n\t\t\t<\/div>\n<\/div><div class=\"eltdf-is-item eltdf-is-right\">\n\t<div class=\"eltdf-is-content\">\n\t\t\t\t\t\t\t<p class=\"eltdf-is-text\" >Dowolny kolor obudowy, logo klienta, dodatkowe modu\u0142y, nag\u0142\u00f3wki. Pe\u0142na personalizacja.<\/p>\n\t\t\t<\/div>\n<\/div><div class=\"eltdf-is-image\" style=\"margin-top: 50px\"><img width=\"854\" height=\"465\" src=\"https:\/\/sport-scoreboards.com\/wp-content\/uploads\/2020\/05\/electronic-sport-scoreboard-LED-universal-for-sport-hall-Kuweit.jpg\" class=\"attachment-full size-full\" alt=\"\" srcset=\"https:\/\/sport-scoreboards.com\/wp-content\/uploads\/2020\/05\/electronic-sport-scoreboard-LED-universal-for-sport-hall-Kuweit.jpg 854w, https:\/\/sport-scoreboards.com\/wp-content\/uploads\/2020\/05\/electronic-sport-scoreboard-LED-universal-for-sport-hall-Kuweit-300x163.jpg 300w, https:\/\/sport-scoreboards.com\/wp-content\/uploads\/2020\/05\/electronic-sport-scoreboard-LED-universal-for-sport-hall-Kuweit-768x418.jpg 768w, https:\/\/sport-scoreboards.com\/wp-content\/uploads\/2020\/05\/electronic-sport-scoreboard-LED-universal-for-sport-hall-Kuweit-600x327.jpg 600w\" sizes=\"(max-width: 854px) 100vw, 854px\" \/><\/div><\/div>[\/vc_column][\/vc_row][vc_row][vc_column][vc_empty_space height=&#8221;64px&#8221;]<div class=\"eltdf-section-title-holder\" style=\"text-align: center\">\n\t\t\t<h2 class=\"eltdf-st-title\" >\n\t\t\t<span>Pulpit steruj\u0105cy tablic\u0105 wynik\u00f3w<\/span>\n\t\t<\/h2>\n\t\t\t\t<h5 class=\"eltdf-st-text\" >Sterowanie tablic\u0105 wynik\u00f3w, nigdy nie by\u0142o tak proste:<\/h5>\n\t<\/div>[\/vc_column][\/vc_row][vc_row][vc_column][vc_empty_space]<div class=\"eltdf-item-showcase-holder clearfix\"><div class=\"eltdf-is-item eltdf-is-left\">\n\t<div class=\"eltdf-is-content\">\n\t\t\t\t\t\t\t<p class=\"eltdf-is-text\" >Intuicyjny system sterowania elektroniczn\u0105 tablic\u0105 wynik\u00f3w sportowych LED<\/p>\n\t\t\t<\/div>\n<\/div><div class=\"eltdf-is-item eltdf-is-left\">\n\t<div class=\"eltdf-is-content\">\n\t\t\t\t\t\t\t<p class=\"eltdf-is-text\" >Szybkie i sprawne sterowanie wy\u015bwietlan\u0105 informacj\u0105 na tablicy wynik\u00f3w<\/p>\n\t\t\t<\/div>\n<\/div><div class=\"eltdf-is-item eltdf-is-left\">\n\t<div class=\"eltdf-is-content\">\n\t\t\t\t\t\t\t<p class=\"eltdf-is-text\" >Podgl\u0105d i kontrola wy\u015bwietlanych tre\u015bci na ekranie LCD wmontowanym w pulpit<\/p>\n\t\t\t<\/div>\n<\/div><div class=\"eltdf-is-item eltdf-is-right\">\n\t<div class=\"eltdf-is-content\">\n\t\t\t\t\t\t\t<p class=\"eltdf-is-text\" >Sterowanie bezprzewodowe, drog\u0105 radiow\u0105<\/p>\n\t\t\t<\/div>\n<\/div><div class=\"eltdf-is-item eltdf-is-right\">\n\t<div class=\"eltdf-is-content\">\n\t\t\t\t\t\t\t<p class=\"eltdf-is-text\" >Wymienna klawiatura pulpitu pozwoli na s\u0119dziowanie ka\u017cdej dyscypliny w dowolnym j\u0119zyku (przygotujemy j\u0105 w ka\u017cdej wersji j\u0119zykowej)<\/p>\n\t\t\t<\/div>\n<\/div><div class=\"eltdf-is-image\" style=\"margin-top: 50px\"><img width=\"640\" height=\"424\" src=\"https:\/\/sport-scoreboards.com\/wp-content\/uploads\/2020\/05\/pulpit-sterujacy-tablic\u0105-wynik\u00f3w.jpg\" class=\"attachment-full size-full\" alt=\"\" srcset=\"https:\/\/sport-scoreboards.com\/wp-content\/uploads\/2020\/05\/pulpit-sterujacy-tablic\u0105-wynik\u00f3w.jpg 640w, https:\/\/sport-scoreboards.com\/wp-content\/uploads\/2020\/05\/pulpit-sterujacy-tablic\u0105-wynik\u00f3w-300x199.jpg 300w, https:\/\/sport-scoreboards.com\/wp-content\/uploads\/2020\/05\/pulpit-sterujacy-tablic\u0105-wynik\u00f3w-600x398.jpg 600w\" sizes=\"(max-width: 640px) 100vw, 640px\" \/><\/div><\/div>[\/vc_column][\/vc_row]<\/p>\n","protected":false},"excerpt":{"rendered":"<p><span style=\"font-size: medium;\">Obs\u0142uguj\u0105 wszystkie popularne dyscypliny sportowe, takie jak koszyk\u00f3wka, siatk\u00f3wka, pi\u0142ka r\u0119czna, tenis, pi\u0142ka no\u017cna oraz hokej. Tablice mo\u017cesz skonfigurowa\u0107 tak, aby poza wynikiem i czasem gry, wy\u015bwietla\u0142y nazwiska zawodnik\u00f3w, przewinienia indywidualne, reklamy sponsor\u00f3w, informacje organizacyjne itp.<\/span><\/p>\n","protected":false},"featured_media":8048,"template":"","meta":[],"product_cat":[320],"product_tag":[322],"yoast_head":"<!-- This site is optimized with the Yoast SEO plugin v22.8 - https:\/\/yoast.com\/wordpress\/plugins\/seo\/ -->\n<title>Halowe tablice wynik\u00f3w - Sport scoreboards<\/title>\n<meta name=\"robots\" content=\"index, follow, max-snippet:-1, max-image-preview:large, max-video-preview:-1\" \/>\n<link rel=\"canonical\" href=\"https:\/\/sport-scoreboards.com\/en\/product\/main-station-display-led-rgb\/\" \/>\n<meta property=\"og:locale\" content=\"pl_PL\" \/>\n<meta property=\"og:type\" content=\"article\" \/>\n<meta property=\"og:title\" content=\"Halowe tablice wynik\u00f3w - Sport scoreboards\" \/>\n<meta property=\"og:description\" content=\"Obs\u0142uguj\u0105 wszystkie popularne dyscypliny sportowe, takie jak koszyk\u00f3wka, siatk\u00f3wka, pi\u0142ka r\u0119czna, tenis, pi\u0142ka no\u017cna oraz hokej. Tablice mo\u017cesz skonfigurowa\u0107 tak, aby poza wynikiem i czasem gry, wy\u015bwietla\u0142y nazwiska zawodnik\u00f3w, przewinienia indywidualne, reklamy sponsor\u00f3w, informacje organizacyjne itp.\" \/>\n<meta property=\"og:url\" content=\"https:\/\/sport-scoreboards.com\/en\/product\/main-station-display-led-rgb\/\" \/>\n<meta property=\"og:site_name\" content=\"Sport scoreboards\" \/>\n<meta property=\"article:modified_time\" content=\"2020-05-20T13:25:14+00:00\" \/>\n<meta property=\"og:image\" content=\"https:\/\/sport-scoreboards.com\/wp-content\/uploads\/2020\/05\/electronic-sport-scoreboard-LED-universal-for-sport-hall-Kuweit.jpg\" \/>\n\t<meta property=\"og:image:width\" content=\"854\" \/>\n\t<meta property=\"og:image:height\" content=\"465\" \/>\n\t<meta property=\"og:image:type\" content=\"image\/jpeg\" \/>\n<meta name=\"twitter:card\" content=\"summary_large_image\" \/>\n<meta name=\"twitter:label1\" content=\"Szacowany czas czytania\" \/>\n\t<meta name=\"twitter:data1\" content=\"3 minuty\" \/>\n<script type=\"application\/ld+json\" class=\"yoast-schema-graph\">{\"@context\":\"https:\/\/schema.org\",\"@graph\":[{\"@type\":\"WebPage\",\"@id\":\"https:\/\/sport-scoreboards.com\/en\/product\/main-station-display-led-rgb\/\",\"url\":\"https:\/\/sport-scoreboards.com\/en\/product\/main-station-display-led-rgb\/\",\"name\":\"Halowe tablice wynik\u00f3w - Sport scoreboards\",\"isPartOf\":{\"@id\":\"https:\/\/sport-scoreboards.com\/en\/#website\"},\"primaryImageOfPage\":{\"@id\":\"https:\/\/sport-scoreboards.com\/en\/product\/main-station-display-led-rgb\/#primaryimage\"},\"image\":{\"@id\":\"https:\/\/sport-scoreboards.com\/en\/product\/main-station-display-led-rgb\/#primaryimage\"},\"thumbnailUrl\":\"https:\/\/sport-scoreboards.com\/wp-content\/uploads\/2020\/05\/electronic-sport-scoreboard-LED-universal-for-sport-hall-Kuweit.jpg\",\"datePublished\":\"2016-09-19T13:09:40+00:00\",\"dateModified\":\"2020-05-20T13:25:14+00:00\",\"breadcrumb\":{\"@id\":\"https:\/\/sport-scoreboards.com\/en\/product\/main-station-display-led-rgb\/#breadcrumb\"},\"inLanguage\":\"pl-PL\",\"potentialAction\":[{\"@type\":\"ReadAction\",\"target\":[\"https:\/\/sport-scoreboards.com\/en\/product\/main-station-display-led-rgb\/\"]}]},{\"@type\":\"ImageObject\",\"inLanguage\":\"pl-PL\",\"@id\":\"https:\/\/sport-scoreboards.com\/en\/product\/main-station-display-led-rgb\/#primaryimage\",\"url\":\"https:\/\/sport-scoreboards.com\/wp-content\/uploads\/2020\/05\/electronic-sport-scoreboard-LED-universal-for-sport-hall-Kuweit.jpg\",\"contentUrl\":\"https:\/\/sport-scoreboards.com\/wp-content\/uploads\/2020\/05\/electronic-sport-scoreboard-LED-universal-for-sport-hall-Kuweit.jpg\",\"width\":854,\"height\":465},{\"@type\":\"BreadcrumbList\",\"@id\":\"https:\/\/sport-scoreboards.com\/en\/product\/main-station-display-led-rgb\/#breadcrumb\",\"itemListElement\":[{\"@type\":\"ListItem\",\"position\":1,\"name\":\"Home\",\"item\":\"https:\/\/sport-scoreboards.com\/en\/\"},{\"@type\":\"ListItem\",\"position\":2,\"name\":\"Produkty\",\"item\":\"https:\/\/sport-scoreboards.com\/pl\/shop\/\"},{\"@type\":\"ListItem\",\"position\":3,\"name\":\"Halowe tablice wynik\u00f3w\"}]},{\"@type\":\"WebSite\",\"@id\":\"https:\/\/sport-scoreboards.com\/en\/#website\",\"url\":\"https:\/\/sport-scoreboards.com\/en\/\",\"name\":\"Sport scoreboards\",\"description\":\"dysten\",\"potentialAction\":[{\"@type\":\"SearchAction\",\"target\":{\"@type\":\"EntryPoint\",\"urlTemplate\":\"https:\/\/sport-scoreboards.com\/en\/?s={search_term_string}\"},\"query-input\":\"required name=search_term_string\"}],\"inLanguage\":\"pl-PL\"}]}<\/script>\n<!-- \/ Yoast SEO plugin. -->","yoast_head_json":{"title":"Halowe tablice wynik\u00f3w - Sport scoreboards","robots":{"index":"index","follow":"follow","max-snippet":"max-snippet:-1","max-image-preview":"max-image-preview:large","max-video-preview":"max-video-preview:-1"},"canonical":"https:\/\/sport-scoreboards.com\/en\/product\/main-station-display-led-rgb\/","og_locale":"pl_PL","og_type":"article","og_title":"Halowe tablice wynik\u00f3w - Sport scoreboards","og_description":"Obs\u0142uguj\u0105 wszystkie popularne dyscypliny sportowe, takie jak koszyk\u00f3wka, siatk\u00f3wka, pi\u0142ka r\u0119czna, tenis, pi\u0142ka no\u017cna oraz hokej. Tablice mo\u017cesz skonfigurowa\u0107 tak, aby poza wynikiem i czasem gry, wy\u015bwietla\u0142y nazwiska zawodnik\u00f3w, przewinienia indywidualne, reklamy sponsor\u00f3w, informacje organizacyjne itp.","og_url":"https:\/\/sport-scoreboards.com\/en\/product\/main-station-display-led-rgb\/","og_site_name":"Sport scoreboards","article_modified_time":"2020-05-20T13:25:14+00:00","og_image":[{"width":854,"height":465,"url":"https:\/\/sport-scoreboards.com\/wp-content\/uploads\/2020\/05\/electronic-sport-scoreboard-LED-universal-for-sport-hall-Kuweit.jpg","type":"image\/jpeg"}],"twitter_card":"summary_large_image","twitter_misc":{"Szacowany czas czytania":"3 minuty"},"schema":{"@context":"https:\/\/schema.org","@graph":[{"@type":"WebPage","@id":"https:\/\/sport-scoreboards.com\/en\/product\/main-station-display-led-rgb\/","url":"https:\/\/sport-scoreboards.com\/en\/product\/main-station-display-led-rgb\/","name":"Halowe tablice wynik\u00f3w - Sport scoreboards","isPartOf":{"@id":"https:\/\/sport-scoreboards.com\/en\/#website"},"primaryImageOfPage":{"@id":"https:\/\/sport-scoreboards.com\/en\/product\/main-station-display-led-rgb\/#primaryimage"},"image":{"@id":"https:\/\/sport-scoreboards.com\/en\/product\/main-station-display-led-rgb\/#primaryimage"},"thumbnailUrl":"https:\/\/sport-scoreboards.com\/wp-content\/uploads\/2020\/05\/electronic-sport-scoreboard-LED-universal-for-sport-hall-Kuweit.jpg","datePublished":"2016-09-19T13:09:40+00:00","dateModified":"2020-05-20T13:25:14+00:00","breadcrumb":{"@id":"https:\/\/sport-scoreboards.com\/en\/product\/main-station-display-led-rgb\/#breadcrumb"},"inLanguage":"pl-PL","potentialAction":[{"@type":"ReadAction","target":["https:\/\/sport-scoreboards.com\/en\/product\/main-station-display-led-rgb\/"]}]},{"@type":"ImageObject","inLanguage":"pl-PL","@id":"https:\/\/sport-scoreboards.com\/en\/product\/main-station-display-led-rgb\/#primaryimage","url":"https:\/\/sport-scoreboards.com\/wp-content\/uploads\/2020\/05\/electronic-sport-scoreboard-LED-universal-for-sport-hall-Kuweit.jpg","contentUrl":"https:\/\/sport-scoreboards.com\/wp-content\/uploads\/2020\/05\/electronic-sport-scoreboard-LED-universal-for-sport-hall-Kuweit.jpg","width":854,"height":465},{"@type":"BreadcrumbList","@id":"https:\/\/sport-scoreboards.com\/en\/product\/main-station-display-led-rgb\/#breadcrumb","itemListElement":[{"@type":"ListItem","position":1,"name":"Home","item":"https:\/\/sport-scoreboards.com\/en\/"},{"@type":"ListItem","position":2,"name":"Produkty","item":"https:\/\/sport-scoreboards.com\/pl\/shop\/"},{"@type":"ListItem","position":3,"name":"Halowe tablice wynik\u00f3w"}]},{"@type":"WebSite","@id":"https:\/\/sport-scoreboards.com\/en\/#website","url":"https:\/\/sport-scoreboards.com\/en\/","name":"Sport scoreboards","description":"dysten","potentialAction":[{"@type":"SearchAction","target":{"@type":"EntryPoint","urlTemplate":"https:\/\/sport-scoreboards.com\/en\/?s={search_term_string}"},"query-input":"required name=search_term_string"}],"inLanguage":"pl-PL"}]}},"_links":{"self":[{"href":"https:\/\/sport-scoreboards.com\/pl\/wp-json\/wp\/v2\/product\/6827"}],"collection":[{"href":"https:\/\/sport-scoreboards.com\/pl\/wp-json\/wp\/v2\/product"}],"about":[{"href":"https:\/\/sport-scoreboards.com\/pl\/wp-json\/wp\/v2\/types\/product"}],"wp:featuredmedia":[{"embeddable":true,"href":"https:\/\/sport-scoreboards.com\/pl\/wp-json\/wp\/v2\/media\/8048"}],"wp:attachment":[{"href":"https:\/\/sport-scoreboards.com\/pl\/wp-json\/wp\/v2\/media?parent=6827"}],"wp:term":[{"taxonomy":"product_cat","embeddable":true,"href":"https:\/\/sport-scoreboards.com\/pl\/wp-json\/wp\/v2\/product_cat?post=6827"},{"taxonomy":"product_tag","embeddable":true,"href":"https:\/\/sport-scoreboards.com\/pl\/wp-json\/wp\/v2\/product_tag?post=6827"}],"curies":[{"name":"wp","href":"https:\/\/api.w.org\/{rel}","templated":true}]}}