{"id":8086,"date":"2020-05-12T16:28:16","date_gmt":"2020-05-12T16:28:16","guid":{"rendered":"https:\/\/sport-scoreboards.com\/product\/swimming-pool-information-boards\/"},"modified":"2020-05-20T13:32:32","modified_gmt":"2020-05-20T13:32:32","slug":"swimming-pool-information-boards","status":"publish","type":"product","link":"https:\/\/sport-scoreboards.com\/pl\/product\/swimming-pool-information-boards\/","title":{"rendered":"Tablice basenowe"},"content":{"rendered":"<p>[vc_row][vc_column][vc_raw_js]JTNDc2NyaXB0JTNFJTBBaWYlMjhkb2N1bWVudC5yZWFkeVN0YXRlJTIwJTNEJTNEJTNEJTIwJTI3cmVhZHklMjclMjAlN0MlN0MlMjBkb2N1bWVudC5yZWFkeVN0YXRlJTIwJTNEJTNEJTNEJTIwJTI3Y29tcGxldGUlMjclMjklMjAlN0IlMEElMjB0cmFuc2xhdGVEZXNjcmlwdGlvbiUyOCUyOSUzQiUwQSU3RCUyMGVsc2UlMjAlN0IlMEElMjAlMjBkb2N1bWVudC5vbnJlYWR5c3RhdGVjaGFuZ2UlMjAlM0QlMjBmdW5jdGlvbiUyMCUyOCUyOSUyMCU3QiUwQSUyMCUyMCUyMCUyMGlmJTIwJTI4ZG9jdW1lbnQucmVhZHlTdGF0ZSUyMCUzRCUzRCUyMCUyMmNvbXBsZXRlJTIyJTI5JTIwJTdCJTBBJTIwJTIwJTIwJTIwJTIwJTIwdHJhbnNsYXRlRGVzY3JpcHRpb24lMjglMjklMEElMjAlMjAlMjAlMjAlN0QlMEElMjAlMjAlN0QlMEElN0QlMEElMEFmdW5jdGlvbiUyMHRyYW5zbGF0ZURlc2NyaXB0aW9uJTI4JTI5JTIwJTdCJTBBJTIwY29uc3QlMjBkZXNjJTIwJTNEJTIwZG9jdW1lbnQuZ2V0RWxlbWVudHNCeUNsYXNzTmFtZSUyOCUyN2Rlc2NyaXB0aW9uX3RhYiUyNyUyOSUzQiUwQSUwQSUyMGlmJTIwJTI4ZGVzYyUyMCUyNiUyNiUyMGRlc2MubGVuZ3RoJTIwJTNFJTIwMCUyOSUyMCU3QiUyMCUwQSUyMCUyMGNvbnN0JTIwdGl0bGUlMjAlM0QlMjBkZXNjJTVCMCU1RC5nZXRFbGVtZW50c0J5Q2xhc3NOYW1lJTI4JTI3ZWx0ZGYtdGFiLXRpdGxlJTI3JTI5JTNCJTBBJTBBJTIwJTIwaWYlMjAlMjh0aXRsZSUyMCUyNiUyNiUyMHRpdGxlLmxlbmd0aCUyMCUzRSUyMDAlMjklMjAlN0IlMEElMjAlMjAlMjB0aXRsZSU1QjAlNUQuaW5uZXJUZXh0JTIwJTNEJTIwJTIyT3BpcyUyMiUzQiUwQSUyMCUyMCU3RCUwQSUyMCU3RCUwQSU3RCUwQSUwQSUzQyUyRnNjcmlwdCUzRSUwQQ==[\/vc_raw_js][\/vc_column][\/vc_row]<\/p>\n","protected":false},"excerpt":{"rendered":"<p>[vc_row][vc_column][vc_raw_js]JTNDc2NyaXB0JTNFJTBBaWYlMjhkb2N1bWVudC5yZWFkeVN0YXRlJTIwJTNEJTNEJTNEJTIwJTI3cmVhZHklMjclMjAlN0MlN0MlMjBkb2N1bWVudC5yZWFkeVN0YXRlJTIwJTNEJTNEJTNEJTIwJTI3Y29tcGxldGUlMjclMjklMjAlN0IlMEElMjB0cmFuc2xhdGVEZXNjcmlwdGlvbiUyOCUyOSUzQiUwQSU3RCUyMGVsc2UlMjAlN0IlMEElMjAlMjBkb2N1bWVudC5vbnJlYWR5c3RhdGVjaGFuZ2UlMjAlM0QlMjBmdW5jdGlvbiUyMCUyOCUyOSUyMCU3QiUwQSUyMCUyMCUyMCUyMGlmJTIwJTI4ZG9jdW1lbnQucmVhZHlTdGF0ZSUyMCUzRCUzRCUyMCUyMmNvbXBsZXRlJTIyJTI5JTIwJTdCJTBBJTIwJTIwJTIwJTIwJTIwJTIwdHJhbnNsYXRlRGVzY3JpcHRpb24lMjglMjklMEElMjAlMjAlMjAlMjAlN0QlMEElMjAlMjAlN0QlMEElN0QlMEElMEFmdW5jdGlvbiUyMHRyYW5zbGF0ZURlc2NyaXB0aW9uJTI4JTI5JTIwJTdCJTBBJTIwY29uc3QlMjBkZXNjJTIwJTNEJTIwZG9jdW1lbnQuZ2V0RWxlbWVudHNCeUNsYXNzTmFtZSUyOCUyN2Rlc2NyaXB0aW9uX3RhYiUyNyUyOSUzQiUwQSUwQSUyMGlmJTIwJTI4ZGVzYyUyMCUyNiUyNiUyMGRlc2MubGVuZ3RoJTIwJTNFJTIwMCUyOSUyMCU3QiUyMCUwQSUyMCUyMGNvbnN0JTIwdGl0bGUlMjAlM0QlMjBkZXNjJTVCMCU1RC5nZXRFbGVtZW50c0J5Q2xhc3NOYW1lJTI4JTI3ZWx0ZGYtdGFiLXRpdGxlJTI3JTI5JTNCJTBBJTBBJTIwJTIwaWYlMjAlMjh0aXRsZSUyMCUyNiUyNiUyMHRpdGxlLmxlbmd0aCUyMCUzRSUyMDAlMjklMjAlN0IlMEElMjAlMjAlMjB0aXRsZSU1QjAlNUQuaW5uZXJUZXh0JTIwJTNEJTIwJTIyT3BpcyUyMiUzQiUwQSUyMCUyMCU3RCUwQSUyMCU3RCUwQSU3RCUwQSUwQSUzQyUyRnNjcmlwdCUzRSUwQQ==[\/vc_raw_js][\/vc_column][\/vc_row]<\/p>\n","protected":false},"featured_media":8081,"template":"","meta":[],"product_cat":[320,326],"product_tag":[351,350,349],"yoast_head":"<!-- This site is optimized with the Yoast SEO plugin v22.8 - https:\/\/yoast.com\/wordpress\/plugins\/seo\/ -->\n<title>Tablice basenowe - Sport scoreboards<\/title>\n<meta name=\"robots\" content=\"index, follow, max-snippet:-1, max-image-preview:large, max-video-preview:-1\" \/>\n<link rel=\"canonical\" href=\"https:\/\/sport-scoreboards.com\/en\/product\/swimming-pool-information-boards\/\" \/>\n<meta property=\"og:locale\" content=\"pl_PL\" \/>\n<meta property=\"og:type\" content=\"article\" \/>\n<meta property=\"og:title\" content=\"Tablice basenowe - Sport scoreboards\" \/>\n<meta property=\"og:description\" content=\"[vc_row][vc_column][vc_raw_js]JTNDc2NyaXB0JTNFJTBBaWYlMjhkb2N1bWVudC5yZWFkeVN0YXRlJTIwJTNEJTNEJTNEJTIwJTI3cmVhZHklMjclMjAlN0MlN0MlMjBkb2N1bWVudC5yZWFkeVN0YXRlJTIwJTNEJTNEJTNEJTIwJTI3Y29tcGxldGUlMjclMjklMjAlN0IlMEElMjB0cmFuc2xhdGVEZXNjcmlwdGlvbiUyOCUyOSUzQiUwQSU3RCUyMGVsc2UlMjAlN0IlMEElMjAlMjBkb2N1bWVudC5vbnJlYWR5c3RhdGVjaGFuZ2UlMjAlM0QlMjBmdW5jdGlvbiUyMCUyOCUyOSUyMCU3QiUwQSUyMCUyMCUyMCUyMGlmJTIwJTI4ZG9jdW1lbnQucmVhZHlTdGF0ZSUyMCUzRCUzRCUyMCUyMmNvbXBsZXRlJTIyJTI5JTIwJTdCJTBBJTIwJTIwJTIwJTIwJTIwJTIwdHJhbnNsYXRlRGVzY3JpcHRpb24lMjglMjklMEElMjAlMjAlMjAlMjAlN0QlMEElMjAlMjAlN0QlMEElN0QlMEElMEFmdW5jdGlvbiUyMHRyYW5zbGF0ZURlc2NyaXB0aW9uJTI4JTI5JTIwJTdCJTBBJTIwY29uc3QlMjBkZXNjJTIwJTNEJTIwZG9jdW1lbnQuZ2V0RWxlbWVudHNCeUNsYXNzTmFtZSUyOCUyN2Rlc2NyaXB0aW9uX3RhYiUyNyUyOSUzQiUwQSUwQSUyMGlmJTIwJTI4ZGVzYyUyMCUyNiUyNiUyMGRlc2MubGVuZ3RoJTIwJTNFJTIwMCUyOSUyMCU3QiUyMCUwQSUyMCUyMGNvbnN0JTIwdGl0bGUlMjAlM0QlMjBkZXNjJTVCMCU1RC5nZXRFbGVtZW50c0J5Q2xhc3NOYW1lJTI4JTI3ZWx0ZGYtdGFiLXRpdGxlJTI3JTI5JTNCJTBBJTBBJTIwJTIwaWYlMjAlMjh0aXRsZSUyMCUyNiUyNiUyMHRpdGxlLmxlbmd0aCUyMCUzRSUyMDAlMjklMjAlN0IlMEElMjAlMjAlMjB0aXRsZSU1QjAlNUQuaW5uZXJUZXh0JTIwJTNEJTIwJTIyT3BpcyUyMiUzQiUwQSUyMCUyMCU3RCUwQSUyMCU3RCUwQSU3RCUwQSUwQSUzQyUyRnNjcmlwdCUzRSUwQQ==[\/vc_raw_js][\/vc_column][\/vc_row]\" \/>\n<meta property=\"og:url\" content=\"https:\/\/sport-scoreboards.com\/en\/product\/swimming-pool-information-boards\/\" \/>\n<meta property=\"og:site_name\" content=\"Sport scoreboards\" \/>\n<meta property=\"article:modified_time\" content=\"2020-05-20T13:32:32+00:00\" \/>\n<meta property=\"og:image\" content=\"https:\/\/sport-scoreboards.com\/wp-content\/uploads\/2020\/05\/Pa\u0142ac-M\u0142odzie\u017cy-Katowice-basenowa-tablica-wynik\u00f3w.jpg\" \/>\n\t<meta property=\"og:image:width\" content=\"800\" \/>\n\t<meta property=\"og:image:height\" content=\"529\" \/>\n\t<meta property=\"og:image:type\" content=\"image\/jpeg\" \/>\n<meta name=\"twitter:card\" content=\"summary_large_image\" \/>\n<meta name=\"twitter:label1\" content=\"Szacowany czas czytania\" \/>\n\t<meta name=\"twitter:data1\" content=\"1 minuta\" \/>\n<script type=\"application\/ld+json\" class=\"yoast-schema-graph\">{\"@context\":\"https:\/\/schema.org\",\"@graph\":[{\"@type\":\"WebPage\",\"@id\":\"https:\/\/sport-scoreboards.com\/en\/product\/swimming-pool-information-boards\/\",\"url\":\"https:\/\/sport-scoreboards.com\/en\/product\/swimming-pool-information-boards\/\",\"name\":\"Tablice basenowe - Sport scoreboards\",\"isPartOf\":{\"@id\":\"https:\/\/sport-scoreboards.com\/en\/#website\"},\"primaryImageOfPage\":{\"@id\":\"https:\/\/sport-scoreboards.com\/en\/product\/swimming-pool-information-boards\/#primaryimage\"},\"image\":{\"@id\":\"https:\/\/sport-scoreboards.com\/en\/product\/swimming-pool-information-boards\/#primaryimage\"},\"thumbnailUrl\":\"https:\/\/sport-scoreboards.com\/wp-content\/uploads\/2020\/05\/Pa\u0142ac-M\u0142odzie\u017cy-Katowice-basenowa-tablica-wynik\u00f3w.jpg\",\"datePublished\":\"2020-05-12T16:28:16+00:00\",\"dateModified\":\"2020-05-20T13:32:32+00:00\",\"breadcrumb\":{\"@id\":\"https:\/\/sport-scoreboards.com\/en\/product\/swimming-pool-information-boards\/#breadcrumb\"},\"inLanguage\":\"pl-PL\",\"potentialAction\":[{\"@type\":\"ReadAction\",\"target\":[\"https:\/\/sport-scoreboards.com\/en\/product\/swimming-pool-information-boards\/\"]}]},{\"@type\":\"ImageObject\",\"inLanguage\":\"pl-PL\",\"@id\":\"https:\/\/sport-scoreboards.com\/en\/product\/swimming-pool-information-boards\/#primaryimage\",\"url\":\"https:\/\/sport-scoreboards.com\/wp-content\/uploads\/2020\/05\/Pa\u0142ac-M\u0142odzie\u017cy-Katowice-basenowa-tablica-wynik\u00f3w.jpg\",\"contentUrl\":\"https:\/\/sport-scoreboards.com\/wp-content\/uploads\/2020\/05\/Pa\u0142ac-M\u0142odzie\u017cy-Katowice-basenowa-tablica-wynik\u00f3w.jpg\",\"width\":800,\"height\":529},{\"@type\":\"BreadcrumbList\",\"@id\":\"https:\/\/sport-scoreboards.com\/en\/product\/swimming-pool-information-boards\/#breadcrumb\",\"itemListElement\":[{\"@type\":\"ListItem\",\"position\":1,\"name\":\"Home\",\"item\":\"https:\/\/sport-scoreboards.com\/en\/\"},{\"@type\":\"ListItem\",\"position\":2,\"name\":\"Produkty\",\"item\":\"https:\/\/sport-scoreboards.com\/pl\/shop\/\"},{\"@type\":\"ListItem\",\"position\":3,\"name\":\"Tablice basenowe\"}]},{\"@type\":\"WebSite\",\"@id\":\"https:\/\/sport-scoreboards.com\/en\/#website\",\"url\":\"https:\/\/sport-scoreboards.com\/en\/\",\"name\":\"Sport scoreboards\",\"description\":\"dysten\",\"potentialAction\":[{\"@type\":\"SearchAction\",\"target\":{\"@type\":\"EntryPoint\",\"urlTemplate\":\"https:\/\/sport-scoreboards.com\/en\/?s={search_term_string}\"},\"query-input\":\"required name=search_term_string\"}],\"inLanguage\":\"pl-PL\"}]}<\/script>\n<!-- \/ Yoast SEO plugin. -->","yoast_head_json":{"title":"Tablice basenowe - Sport scoreboards","robots":{"index":"index","follow":"follow","max-snippet":"max-snippet:-1","max-image-preview":"max-image-preview:large","max-video-preview":"max-video-preview:-1"},"canonical":"https:\/\/sport-scoreboards.com\/en\/product\/swimming-pool-information-boards\/","og_locale":"pl_PL","og_type":"article","og_title":"Tablice basenowe - Sport scoreboards","og_description":"[vc_row][vc_column][vc_raw_js]JTNDc2NyaXB0JTNFJTBBaWYlMjhkb2N1bWVudC5yZWFkeVN0YXRlJTIwJTNEJTNEJTNEJTIwJTI3cmVhZHklMjclMjAlN0MlN0MlMjBkb2N1bWVudC5yZWFkeVN0YXRlJTIwJTNEJTNEJTNEJTIwJTI3Y29tcGxldGUlMjclMjklMjAlN0IlMEElMjB0cmFuc2xhdGVEZXNjcmlwdGlvbiUyOCUyOSUzQiUwQSU3RCUyMGVsc2UlMjAlN0IlMEElMjAlMjBkb2N1bWVudC5vbnJlYWR5c3RhdGVjaGFuZ2UlMjAlM0QlMjBmdW5jdGlvbiUyMCUyOCUyOSUyMCU3QiUwQSUyMCUyMCUyMCUyMGlmJTIwJTI4ZG9jdW1lbnQucmVhZHlTdGF0ZSUyMCUzRCUzRCUyMCUyMmNvbXBsZXRlJTIyJTI5JTIwJTdCJTBBJTIwJTIwJTIwJTIwJTIwJTIwdHJhbnNsYXRlRGVzY3JpcHRpb24lMjglMjklMEElMjAlMjAlMjAlMjAlN0QlMEElMjAlMjAlN0QlMEElN0QlMEElMEFmdW5jdGlvbiUyMHRyYW5zbGF0ZURlc2NyaXB0aW9uJTI4JTI5JTIwJTdCJTBBJTIwY29uc3QlMjBkZXNjJTIwJTNEJTIwZG9jdW1lbnQuZ2V0RWxlbWVudHNCeUNsYXNzTmFtZSUyOCUyN2Rlc2NyaXB0aW9uX3RhYiUyNyUyOSUzQiUwQSUwQSUyMGlmJTIwJTI4ZGVzYyUyMCUyNiUyNiUyMGRlc2MubGVuZ3RoJTIwJTNFJTIwMCUyOSUyMCU3QiUyMCUwQSUyMCUyMGNvbnN0JTIwdGl0bGUlMjAlM0QlMjBkZXNjJTVCMCU1RC5nZXRFbGVtZW50c0J5Q2xhc3NOYW1lJTI4JTI3ZWx0ZGYtdGFiLXRpdGxlJTI3JTI5JTNCJTBBJTBBJTIwJTIwaWYlMjAlMjh0aXRsZSUyMCUyNiUyNiUyMHRpdGxlLmxlbmd0aCUyMCUzRSUyMDAlMjklMjAlN0IlMEElMjAlMjAlMjB0aXRsZSU1QjAlNUQuaW5uZXJUZXh0JTIwJTNEJTIwJTIyT3BpcyUyMiUzQiUwQSUyMCUyMCU3RCUwQSUyMCU3RCUwQSU3RCUwQSUwQSUzQyUyRnNjcmlwdCUzRSUwQQ==[\/vc_raw_js][\/vc_column][\/vc_row]","og_url":"https:\/\/sport-scoreboards.com\/en\/product\/swimming-pool-information-boards\/","og_site_name":"Sport scoreboards","article_modified_time":"2020-05-20T13:32:32+00:00","og_image":[{"width":800,"height":529,"url":"https:\/\/sport-scoreboards.com\/wp-content\/uploads\/2020\/05\/Pa\u0142ac-M\u0142odzie\u017cy-Katowice-basenowa-tablica-wynik\u00f3w.jpg","type":"image\/jpeg"}],"twitter_card":"summary_large_image","twitter_misc":{"Szacowany czas czytania":"1 minuta"},"schema":{"@context":"https:\/\/schema.org","@graph":[{"@type":"WebPage","@id":"https:\/\/sport-scoreboards.com\/en\/product\/swimming-pool-information-boards\/","url":"https:\/\/sport-scoreboards.com\/en\/product\/swimming-pool-information-boards\/","name":"Tablice basenowe - Sport scoreboards","isPartOf":{"@id":"https:\/\/sport-scoreboards.com\/en\/#website"},"primaryImageOfPage":{"@id":"https:\/\/sport-scoreboards.com\/en\/product\/swimming-pool-information-boards\/#primaryimage"},"image":{"@id":"https:\/\/sport-scoreboards.com\/en\/product\/swimming-pool-information-boards\/#primaryimage"},"thumbnailUrl":"https:\/\/sport-scoreboards.com\/wp-content\/uploads\/2020\/05\/Pa\u0142ac-M\u0142odzie\u017cy-Katowice-basenowa-tablica-wynik\u00f3w.jpg","datePublished":"2020-05-12T16:28:16+00:00","dateModified":"2020-05-20T13:32:32+00:00","breadcrumb":{"@id":"https:\/\/sport-scoreboards.com\/en\/product\/swimming-pool-information-boards\/#breadcrumb"},"inLanguage":"pl-PL","potentialAction":[{"@type":"ReadAction","target":["https:\/\/sport-scoreboards.com\/en\/product\/swimming-pool-information-boards\/"]}]},{"@type":"ImageObject","inLanguage":"pl-PL","@id":"https:\/\/sport-scoreboards.com\/en\/product\/swimming-pool-information-boards\/#primaryimage","url":"https:\/\/sport-scoreboards.com\/wp-content\/uploads\/2020\/05\/Pa\u0142ac-M\u0142odzie\u017cy-Katowice-basenowa-tablica-wynik\u00f3w.jpg","contentUrl":"https:\/\/sport-scoreboards.com\/wp-content\/uploads\/2020\/05\/Pa\u0142ac-M\u0142odzie\u017cy-Katowice-basenowa-tablica-wynik\u00f3w.jpg","width":800,"height":529},{"@type":"BreadcrumbList","@id":"https:\/\/sport-scoreboards.com\/en\/product\/swimming-pool-information-boards\/#breadcrumb","itemListElement":[{"@type":"ListItem","position":1,"name":"Home","item":"https:\/\/sport-scoreboards.com\/en\/"},{"@type":"ListItem","position":2,"name":"Produkty","item":"https:\/\/sport-scoreboards.com\/pl\/shop\/"},{"@type":"ListItem","position":3,"name":"Tablice basenowe"}]},{"@type":"WebSite","@id":"https:\/\/sport-scoreboards.com\/en\/#website","url":"https:\/\/sport-scoreboards.com\/en\/","name":"Sport scoreboards","description":"dysten","potentialAction":[{"@type":"SearchAction","target":{"@type":"EntryPoint","urlTemplate":"https:\/\/sport-scoreboards.com\/en\/?s={search_term_string}"},"query-input":"required name=search_term_string"}],"inLanguage":"pl-PL"}]}},"_links":{"self":[{"href":"https:\/\/sport-scoreboards.com\/pl\/wp-json\/wp\/v2\/product\/8086"}],"collection":[{"href":"https:\/\/sport-scoreboards.com\/pl\/wp-json\/wp\/v2\/product"}],"about":[{"href":"https:\/\/sport-scoreboards.com\/pl\/wp-json\/wp\/v2\/types\/product"}],"wp:featuredmedia":[{"embeddable":true,"href":"https:\/\/sport-scoreboards.com\/pl\/wp-json\/wp\/v2\/media\/8081"}],"wp:attachment":[{"href":"https:\/\/sport-scoreboards.com\/pl\/wp-json\/wp\/v2\/media?parent=8086"}],"wp:term":[{"taxonomy":"product_cat","embeddable":true,"href":"https:\/\/sport-scoreboards.com\/pl\/wp-json\/wp\/v2\/product_cat?post=8086"},{"taxonomy":"product_tag","embeddable":true,"href":"https:\/\/sport-scoreboards.com\/pl\/wp-json\/wp\/v2\/product_tag?post=8086"}],"curies":[{"name":"wp","href":"https:\/\/api.w.org\/{rel}","templated":true}]}}