{"id":8457,"date":"2020-05-11T15:53:44","date_gmt":"2020-05-11T15:53:44","guid":{"rendered":"https:\/\/sport-scoreboards.com\/product\/portable-scoreboards\/"},"modified":"2020-05-27T11:03:17","modified_gmt":"2020-05-27T11:03:17","slug":"portable-scoreboards","status":"publish","type":"product","link":"https:\/\/sport-scoreboards.com\/ru\/product\/portable-scoreboards\/","title":{"rendered":"\u041c\u043e\u0431\u0438\u043b\u044c\u043d\u044b\u0435 \u0442\u0430\u0431\u043b\u043e \u0440\u0435\u0437\u0443\u043b\u044c\u0442\u0430\u0442\u043e\u0432"},"content":{"rendered":"<p>[vc_row][vc_column][vc_raw_js]JTNDc2NyaXB0JTNFJTBBaWYlMjhkb2N1bWVudC5yZWFkeVN0YXRlJTIwJTNEJTNEJTNEJTIwJTI3cmVhZHklMjclMjAlN0MlN0MlMjBkb2N1bWVudC5yZWFkeVN0YXRlJTIwJTNEJTNEJTNEJTIwJTI3Y29tcGxldGUlMjclMjklMjAlN0IlMEElMjB0cmFuc2xhdGVEZXNjcmlwdGlvbiUyOCUyOSUzQiUwQSU3RCUyMGVsc2UlMjAlN0IlMEElMjAlMjBkb2N1bWVudC5vbnJlYWR5c3RhdGVjaGFuZ2UlMjAlM0QlMjBmdW5jdGlvbiUyMCUyOCUyOSUyMCU3QiUwQSUyMCUyMCUyMCUyMGlmJTIwJTI4ZG9jdW1lbnQucmVhZHlTdGF0ZSUyMCUzRCUzRCUyMCUyMmNvbXBsZXRlJTIyJTI5JTIwJTdCJTBBJTIwJTIwJTIwJTIwJTIwJTIwdHJhbnNsYXRlRGVzY3JpcHRpb24lMjglMjklMEElMjAlMjAlMjAlMjAlN0QlMEElMjAlMjAlN0QlMEElN0QlMEElMEFmdW5jdGlvbiUyMHRyYW5zbGF0ZURlc2NyaXB0aW9uJTI4JTI5JTIwJTdCJTBBJTIwY29uc3QlMjBkZXNjJTIwJTNEJTIwZG9jdW1lbnQuZ2V0RWxlbWVudHNCeUNsYXNzTmFtZSUyOCUyN2Rlc2NyaXB0aW9uX3RhYiUyNyUyOSUzQiUwQSUwQSUyMGlmJTIwJTI4ZGVzYyUyMCUyNiUyNiUyMGRlc2MubGVuZ3RoJTIwJTNFJTIwMCUyOSUyMCU3QiUyMCUwQSUyMCUyMGNvbnN0JTIwdGl0bGUlMjAlM0QlMjBkZXNjJTVCMCU1RC5nZXRFbGVtZW50c0J5Q2xhc3NOYW1lJTI4JTI3ZWx0ZGYtdGFiLXRpdGxlJTI3JTI5JTNCJTBBJTBBJTIwJTIwaWYlMjAlMjh0aXRsZSUyMCUyNiUyNiUyMHRpdGxlLmxlbmd0aCUyMCUzRSUyMDAlMjklMjAlN0IlMEElMjAlMjAlMjB0aXRsZSU1QjAlNUQuaW5uZXJUZXh0JTIwJTNEJTIwJTIyJUQwJUJFJUQwJUJGJUQwJUI4JUQxJTgxJUQwJUIwJUQwJUJEJUQwJUI4JUQwJUI1JTIyJTNCJTBBJTIwJTIwJTdEJTBBJTIwJTdEJTBBJTdEJTBBJTBBJTNDJTJGc2NyaXB0JTNFJTBB[\/vc_raw_js][\/vc_column][\/vc_row]<\/p>\n","protected":false},"excerpt":{"rendered":"<p>[vc_row][vc_column][vc_raw_js]JTNDc2NyaXB0JTNFJTBBaWYlMjhkb2N1bWVudC5yZWFkeVN0YXRlJTIwJTNEJTNEJTNEJTIwJTI3cmVhZHklMjclMjAlN0MlN0MlMjBkb2N1bWVudC5yZWFkeVN0YXRlJTIwJTNEJTNEJTNEJTIwJTI3Y29tcGxldGUlMjclMjklMjAlN0IlMEElMjB0cmFuc2xhdGVEZXNjcmlwdGlvbiUyOCUyOSUzQiUwQSU3RCUyMGVsc2UlMjAlN0IlMEElMjAlMjBkb2N1bWVudC5vbnJlYWR5c3RhdGVjaGFuZ2UlMjAlM0QlMjBmdW5jdGlvbiUyMCUyOCUyOSUyMCU3QiUwQSUyMCUyMCUyMCUyMGlmJTIwJTI4ZG9jdW1lbnQucmVhZHlTdGF0ZSUyMCUzRCUzRCUyMCUyMmNvbXBsZXRlJTIyJTI5JTIwJTdCJTBBJTIwJTIwJTIwJTIwJTIwJTIwdHJhbnNsYXRlRGVzY3JpcHRpb24lMjglMjklMEElMjAlMjAlMjAlMjAlN0QlMEElMjAlMjAlN0QlMEElN0QlMEElMEFmdW5jdGlvbiUyMHRyYW5zbGF0ZURlc2NyaXB0aW9uJTI4JTI5JTIwJTdCJTBBJTIwY29uc3QlMjBkZXNjJTIwJTNEJTIwZG9jdW1lbnQuZ2V0RWxlbWVudHNCeUNsYXNzTmFtZSUyOCUyN2Rlc2NyaXB0aW9uX3RhYiUyNyUyOSUzQiUwQSUwQSUyMGlmJTIwJTI4ZGVzYyUyMCUyNiUyNiUyMGRlc2MubGVuZ3RoJTIwJTNFJTIwMCUyOSUyMCU3QiUyMCUwQSUyMCUyMGNvbnN0JTIwdGl0bGUlMjAlM0QlMjBkZXNjJTVCMCU1RC5nZXRFbGVtZW50c0J5Q2xhc3NOYW1lJTI4JTI3ZWx0ZGYtdGFiLXRpdGxlJTI3JTI5JTNCJTBBJTBBJTIwJTIwaWYlMjAlMjh0aXRsZSUyMCUyNiUyNiUyMHRpdGxlLmxlbmd0aCUyMCUzRSUyMDAlMjklMjAlN0IlMEElMjAlMjAlMjB0aXRsZSU1QjAlNUQuaW5uZXJUZXh0JTIwJTNEJTIwJTIyJUQwJUJFJUQwJUJGJUQwJUI4JUQxJTgxJUQwJUIwJUQwJUJEJUQwJUI4JUQwJUI1JTIyJTNCJTBBJTIwJTIwJTdEJTBBJTIwJTdEJTBBJTdEJTBBJTBBJTNDJTJGc2NyaXB0JTNFJTBB[\/vc_raw_js][\/vc_column][\/vc_row]<\/p>\n","protected":false},"featured_media":8067,"template":"","meta":[],"product_cat":[373],"product_tag":[384],"yoast_head":"<!-- This site is optimized with the Yoast SEO plugin v22.8 - https:\/\/yoast.com\/wordpress\/plugins\/seo\/ -->\n<title>\u041c\u043e\u0431\u0438\u043b\u044c\u043d\u044b\u0435 \u0442\u0430\u0431\u043b\u043e \u0440\u0435\u0437\u0443\u043b\u044c\u0442\u0430\u0442\u043e\u0432 - Sport scoreboards<\/title>\n<meta name=\"robots\" content=\"index, follow, max-snippet:-1, max-image-preview:large, max-video-preview:-1\" \/>\n<link rel=\"canonical\" href=\"https:\/\/sport-scoreboards.com\/en\/product\/portable-scoreboards\/\" \/>\n<meta property=\"og:locale\" content=\"ru_RU\" \/>\n<meta property=\"og:type\" content=\"article\" \/>\n<meta property=\"og:title\" content=\"\u041c\u043e\u0431\u0438\u043b\u044c\u043d\u044b\u0435 \u0442\u0430\u0431\u043b\u043e \u0440\u0435\u0437\u0443\u043b\u044c\u0442\u0430\u0442\u043e\u0432 - Sport scoreboards\" \/>\n<meta property=\"og:description\" content=\"[vc_row][vc_column][vc_raw_js]JTNDc2NyaXB0JTNFJTBBaWYlMjhkb2N1bWVudC5yZWFkeVN0YXRlJTIwJTNEJTNEJTNEJTIwJTI3cmVhZHklMjclMjAlN0MlN0MlMjBkb2N1bWVudC5yZWFkeVN0YXRlJTIwJTNEJTNEJTNEJTIwJTI3Y29tcGxldGUlMjclMjklMjAlN0IlMEElMjB0cmFuc2xhdGVEZXNjcmlwdGlvbiUyOCUyOSUzQiUwQSU3RCUyMGVsc2UlMjAlN0IlMEElMjAlMjBkb2N1bWVudC5vbnJlYWR5c3RhdGVjaGFuZ2UlMjAlM0QlMjBmdW5jdGlvbiUyMCUyOCUyOSUyMCU3QiUwQSUyMCUyMCUyMCUyMGlmJTIwJTI4ZG9jdW1lbnQucmVhZHlTdGF0ZSUyMCUzRCUzRCUyMCUyMmNvbXBsZXRlJTIyJTI5JTIwJTdCJTBBJTIwJTIwJTIwJTIwJTIwJTIwdHJhbnNsYXRlRGVzY3JpcHRpb24lMjglMjklMEElMjAlMjAlMjAlMjAlN0QlMEElMjAlMjAlN0QlMEElN0QlMEElMEFmdW5jdGlvbiUyMHRyYW5zbGF0ZURlc2NyaXB0aW9uJTI4JTI5JTIwJTdCJTBBJTIwY29uc3QlMjBkZXNjJTIwJTNEJTIwZG9jdW1lbnQuZ2V0RWxlbWVudHNCeUNsYXNzTmFtZSUyOCUyN2Rlc2NyaXB0aW9uX3RhYiUyNyUyOSUzQiUwQSUwQSUyMGlmJTIwJTI4ZGVzYyUyMCUyNiUyNiUyMGRlc2MubGVuZ3RoJTIwJTNFJTIwMCUyOSUyMCU3QiUyMCUwQSUyMCUyMGNvbnN0JTIwdGl0bGUlMjAlM0QlMjBkZXNjJTVCMCU1RC5nZXRFbGVtZW50c0J5Q2xhc3NOYW1lJTI4JTI3ZWx0ZGYtdGFiLXRpdGxlJTI3JTI5JTNCJTBBJTBBJTIwJTIwaWYlMjAlMjh0aXRsZSUyMCUyNiUyNiUyMHRpdGxlLmxlbmd0aCUyMCUzRSUyMDAlMjklMjAlN0IlMEElMjAlMjAlMjB0aXRsZSU1QjAlNUQuaW5uZXJUZXh0JTIwJTNEJTIwJTIyJUQwJUJFJUQwJUJGJUQwJUI4JUQxJTgxJUQwJUIwJUQwJUJEJUQwJUI4JUQwJUI1JTIyJTNCJTBBJTIwJTIwJTdEJTBBJTIwJTdEJTBBJTdEJTBBJTBBJTNDJTJGc2NyaXB0JTNFJTBB[\/vc_raw_js][\/vc_column][\/vc_row]\" \/>\n<meta property=\"og:url\" content=\"https:\/\/sport-scoreboards.com\/en\/product\/portable-scoreboards\/\" \/>\n<meta property=\"og:site_name\" content=\"Sport scoreboards\" \/>\n<meta property=\"article:modified_time\" content=\"2020-05-27T11:03:17+00:00\" \/>\n<meta property=\"og:image\" content=\"https:\/\/sport-scoreboards.com\/wp-content\/uploads\/2020\/05\/Tablica-wynik\u00f3w-podnoszenie-ci\u0119\u017car\u00f3w.jpg\" \/>\n\t<meta property=\"og:image:width\" content=\"800\" \/>\n\t<meta property=\"og:image:height\" content=\"531\" \/>\n\t<meta property=\"og:image:type\" content=\"image\/jpeg\" \/>\n<meta name=\"twitter:card\" content=\"summary_large_image\" \/>\n<meta name=\"twitter:label1\" content=\"\u041f\u0440\u0438\u043c\u0435\u0440\u043d\u043e\u0435 \u0432\u0440\u0435\u043c\u044f \u0434\u043b\u044f \u0447\u0442\u0435\u043d\u0438\u044f\" \/>\n\t<meta name=\"twitter:data1\" content=\"1 \u043c\u0438\u043d\u0443\u0442\u0430\" \/>\n<script type=\"application\/ld+json\" class=\"yoast-schema-graph\">{\"@context\":\"https:\/\/schema.org\",\"@graph\":[{\"@type\":\"WebPage\",\"@id\":\"https:\/\/sport-scoreboards.com\/en\/product\/portable-scoreboards\/\",\"url\":\"https:\/\/sport-scoreboards.com\/en\/product\/portable-scoreboards\/\",\"name\":\"\u041c\u043e\u0431\u0438\u043b\u044c\u043d\u044b\u0435 \u0442\u0430\u0431\u043b\u043e \u0440\u0435\u0437\u0443\u043b\u044c\u0442\u0430\u0442\u043e\u0432 - Sport scoreboards\",\"isPartOf\":{\"@id\":\"https:\/\/sport-scoreboards.com\/en\/#website\"},\"primaryImageOfPage\":{\"@id\":\"https:\/\/sport-scoreboards.com\/en\/product\/portable-scoreboards\/#primaryimage\"},\"image\":{\"@id\":\"https:\/\/sport-scoreboards.com\/en\/product\/portable-scoreboards\/#primaryimage\"},\"thumbnailUrl\":\"https:\/\/sport-scoreboards.com\/wp-content\/uploads\/2020\/05\/Tablica-wynik\u00f3w-podnoszenie-ci\u0119\u017car\u00f3w.jpg\",\"datePublished\":\"2020-05-11T15:53:44+00:00\",\"dateModified\":\"2020-05-27T11:03:17+00:00\",\"breadcrumb\":{\"@id\":\"https:\/\/sport-scoreboards.com\/en\/product\/portable-scoreboards\/#breadcrumb\"},\"inLanguage\":\"ru-RU\",\"potentialAction\":[{\"@type\":\"ReadAction\",\"target\":[\"https:\/\/sport-scoreboards.com\/en\/product\/portable-scoreboards\/\"]}]},{\"@type\":\"ImageObject\",\"inLanguage\":\"ru-RU\",\"@id\":\"https:\/\/sport-scoreboards.com\/en\/product\/portable-scoreboards\/#primaryimage\",\"url\":\"https:\/\/sport-scoreboards.com\/wp-content\/uploads\/2020\/05\/Tablica-wynik\u00f3w-podnoszenie-ci\u0119\u017car\u00f3w.jpg\",\"contentUrl\":\"https:\/\/sport-scoreboards.com\/wp-content\/uploads\/2020\/05\/Tablica-wynik\u00f3w-podnoszenie-ci\u0119\u017car\u00f3w.jpg\",\"width\":800,\"height\":531},{\"@type\":\"BreadcrumbList\",\"@id\":\"https:\/\/sport-scoreboards.com\/en\/product\/portable-scoreboards\/#breadcrumb\",\"itemListElement\":[{\"@type\":\"ListItem\",\"position\":1,\"name\":\"Home\",\"item\":\"https:\/\/sport-scoreboards.com\/en\/\"},{\"@type\":\"ListItem\",\"position\":2,\"name\":\"Produkty\",\"item\":\"https:\/\/sport-scoreboards.com\/pl\/shop\/\"},{\"@type\":\"ListItem\",\"position\":3,\"name\":\"\u041c\u043e\u0431\u0438\u043b\u044c\u043d\u044b\u0435 \u0442\u0430\u0431\u043b\u043e \u0440\u0435\u0437\u0443\u043b\u044c\u0442\u0430\u0442\u043e\u0432\"}]},{\"@type\":\"WebSite\",\"@id\":\"https:\/\/sport-scoreboards.com\/en\/#website\",\"url\":\"https:\/\/sport-scoreboards.com\/en\/\",\"name\":\"Sport scoreboards\",\"description\":\"dysten\",\"potentialAction\":[{\"@type\":\"SearchAction\",\"target\":{\"@type\":\"EntryPoint\",\"urlTemplate\":\"https:\/\/sport-scoreboards.com\/en\/?s={search_term_string}\"},\"query-input\":\"required name=search_term_string\"}],\"inLanguage\":\"ru-RU\"}]}<\/script>\n<!-- \/ Yoast SEO plugin. -->","yoast_head_json":{"title":"\u041c\u043e\u0431\u0438\u043b\u044c\u043d\u044b\u0435 \u0442\u0430\u0431\u043b\u043e \u0440\u0435\u0437\u0443\u043b\u044c\u0442\u0430\u0442\u043e\u0432 - Sport scoreboards","robots":{"index":"index","follow":"follow","max-snippet":"max-snippet:-1","max-image-preview":"max-image-preview:large","max-video-preview":"max-video-preview:-1"},"canonical":"https:\/\/sport-scoreboards.com\/en\/product\/portable-scoreboards\/","og_locale":"ru_RU","og_type":"article","og_title":"\u041c\u043e\u0431\u0438\u043b\u044c\u043d\u044b\u0435 \u0442\u0430\u0431\u043b\u043e \u0440\u0435\u0437\u0443\u043b\u044c\u0442\u0430\u0442\u043e\u0432 - Sport scoreboards","og_description":"[vc_row][vc_column][vc_raw_js]JTNDc2NyaXB0JTNFJTBBaWYlMjhkb2N1bWVudC5yZWFkeVN0YXRlJTIwJTNEJTNEJTNEJTIwJTI3cmVhZHklMjclMjAlN0MlN0MlMjBkb2N1bWVudC5yZWFkeVN0YXRlJTIwJTNEJTNEJTNEJTIwJTI3Y29tcGxldGUlMjclMjklMjAlN0IlMEElMjB0cmFuc2xhdGVEZXNjcmlwdGlvbiUyOCUyOSUzQiUwQSU3RCUyMGVsc2UlMjAlN0IlMEElMjAlMjBkb2N1bWVudC5vbnJlYWR5c3RhdGVjaGFuZ2UlMjAlM0QlMjBmdW5jdGlvbiUyMCUyOCUyOSUyMCU3QiUwQSUyMCUyMCUyMCUyMGlmJTIwJTI4ZG9jdW1lbnQucmVhZHlTdGF0ZSUyMCUzRCUzRCUyMCUyMmNvbXBsZXRlJTIyJTI5JTIwJTdCJTBBJTIwJTIwJTIwJTIwJTIwJTIwdHJhbnNsYXRlRGVzY3JpcHRpb24lMjglMjklMEElMjAlMjAlMjAlMjAlN0QlMEElMjAlMjAlN0QlMEElN0QlMEElMEFmdW5jdGlvbiUyMHRyYW5zbGF0ZURlc2NyaXB0aW9uJTI4JTI5JTIwJTdCJTBBJTIwY29uc3QlMjBkZXNjJTIwJTNEJTIwZG9jdW1lbnQuZ2V0RWxlbWVudHNCeUNsYXNzTmFtZSUyOCUyN2Rlc2NyaXB0aW9uX3RhYiUyNyUyOSUzQiUwQSUwQSUyMGlmJTIwJTI4ZGVzYyUyMCUyNiUyNiUyMGRlc2MubGVuZ3RoJTIwJTNFJTIwMCUyOSUyMCU3QiUyMCUwQSUyMCUyMGNvbnN0JTIwdGl0bGUlMjAlM0QlMjBkZXNjJTVCMCU1RC5nZXRFbGVtZW50c0J5Q2xhc3NOYW1lJTI4JTI3ZWx0ZGYtdGFiLXRpdGxlJTI3JTI5JTNCJTBBJTBBJTIwJTIwaWYlMjAlMjh0aXRsZSUyMCUyNiUyNiUyMHRpdGxlLmxlbmd0aCUyMCUzRSUyMDAlMjklMjAlN0IlMEElMjAlMjAlMjB0aXRsZSU1QjAlNUQuaW5uZXJUZXh0JTIwJTNEJTIwJTIyJUQwJUJFJUQwJUJGJUQwJUI4JUQxJTgxJUQwJUIwJUQwJUJEJUQwJUI4JUQwJUI1JTIyJTNCJTBBJTIwJTIwJTdEJTBBJTIwJTdEJTBBJTdEJTBBJTBBJTNDJTJGc2NyaXB0JTNFJTBB[\/vc_raw_js][\/vc_column][\/vc_row]","og_url":"https:\/\/sport-scoreboards.com\/en\/product\/portable-scoreboards\/","og_site_name":"Sport scoreboards","article_modified_time":"2020-05-27T11:03:17+00:00","og_image":[{"width":800,"height":531,"url":"https:\/\/sport-scoreboards.com\/wp-content\/uploads\/2020\/05\/Tablica-wynik\u00f3w-podnoszenie-ci\u0119\u017car\u00f3w.jpg","type":"image\/jpeg"}],"twitter_card":"summary_large_image","twitter_misc":{"\u041f\u0440\u0438\u043c\u0435\u0440\u043d\u043e\u0435 \u0432\u0440\u0435\u043c\u044f \u0434\u043b\u044f \u0447\u0442\u0435\u043d\u0438\u044f":"1 \u043c\u0438\u043d\u0443\u0442\u0430"},"schema":{"@context":"https:\/\/schema.org","@graph":[{"@type":"WebPage","@id":"https:\/\/sport-scoreboards.com\/en\/product\/portable-scoreboards\/","url":"https:\/\/sport-scoreboards.com\/en\/product\/portable-scoreboards\/","name":"\u041c\u043e\u0431\u0438\u043b\u044c\u043d\u044b\u0435 \u0442\u0430\u0431\u043b\u043e \u0440\u0435\u0437\u0443\u043b\u044c\u0442\u0430\u0442\u043e\u0432 - Sport scoreboards","isPartOf":{"@id":"https:\/\/sport-scoreboards.com\/en\/#website"},"primaryImageOfPage":{"@id":"https:\/\/sport-scoreboards.com\/en\/product\/portable-scoreboards\/#primaryimage"},"image":{"@id":"https:\/\/sport-scoreboards.com\/en\/product\/portable-scoreboards\/#primaryimage"},"thumbnailUrl":"https:\/\/sport-scoreboards.com\/wp-content\/uploads\/2020\/05\/Tablica-wynik\u00f3w-podnoszenie-ci\u0119\u017car\u00f3w.jpg","datePublished":"2020-05-11T15:53:44+00:00","dateModified":"2020-05-27T11:03:17+00:00","breadcrumb":{"@id":"https:\/\/sport-scoreboards.com\/en\/product\/portable-scoreboards\/#breadcrumb"},"inLanguage":"ru-RU","potentialAction":[{"@type":"ReadAction","target":["https:\/\/sport-scoreboards.com\/en\/product\/portable-scoreboards\/"]}]},{"@type":"ImageObject","inLanguage":"ru-RU","@id":"https:\/\/sport-scoreboards.com\/en\/product\/portable-scoreboards\/#primaryimage","url":"https:\/\/sport-scoreboards.com\/wp-content\/uploads\/2020\/05\/Tablica-wynik\u00f3w-podnoszenie-ci\u0119\u017car\u00f3w.jpg","contentUrl":"https:\/\/sport-scoreboards.com\/wp-content\/uploads\/2020\/05\/Tablica-wynik\u00f3w-podnoszenie-ci\u0119\u017car\u00f3w.jpg","width":800,"height":531},{"@type":"BreadcrumbList","@id":"https:\/\/sport-scoreboards.com\/en\/product\/portable-scoreboards\/#breadcrumb","itemListElement":[{"@type":"ListItem","position":1,"name":"Home","item":"https:\/\/sport-scoreboards.com\/en\/"},{"@type":"ListItem","position":2,"name":"Produkty","item":"https:\/\/sport-scoreboards.com\/pl\/shop\/"},{"@type":"ListItem","position":3,"name":"\u041c\u043e\u0431\u0438\u043b\u044c\u043d\u044b\u0435 \u0442\u0430\u0431\u043b\u043e \u0440\u0435\u0437\u0443\u043b\u044c\u0442\u0430\u0442\u043e\u0432"}]},{"@type":"WebSite","@id":"https:\/\/sport-scoreboards.com\/en\/#website","url":"https:\/\/sport-scoreboards.com\/en\/","name":"Sport scoreboards","description":"dysten","potentialAction":[{"@type":"SearchAction","target":{"@type":"EntryPoint","urlTemplate":"https:\/\/sport-scoreboards.com\/en\/?s={search_term_string}"},"query-input":"required name=search_term_string"}],"inLanguage":"ru-RU"}]}},"_links":{"self":[{"href":"https:\/\/sport-scoreboards.com\/ru\/wp-json\/wp\/v2\/product\/8457"}],"collection":[{"href":"https:\/\/sport-scoreboards.com\/ru\/wp-json\/wp\/v2\/product"}],"about":[{"href":"https:\/\/sport-scoreboards.com\/ru\/wp-json\/wp\/v2\/types\/product"}],"wp:featuredmedia":[{"embeddable":true,"href":"https:\/\/sport-scoreboards.com\/ru\/wp-json\/wp\/v2\/media\/8067"}],"wp:attachment":[{"href":"https:\/\/sport-scoreboards.com\/ru\/wp-json\/wp\/v2\/media?parent=8457"}],"wp:term":[{"taxonomy":"product_cat","embeddable":true,"href":"https:\/\/sport-scoreboards.com\/ru\/wp-json\/wp\/v2\/product_cat?post=8457"},{"taxonomy":"product_tag","embeddable":true,"href":"https:\/\/sport-scoreboards.com\/ru\/wp-json\/wp\/v2\/product_tag?post=8457"}],"curies":[{"name":"wp","href":"https:\/\/api.w.org\/{rel}","templated":true}]}}